{"id":25694,"date":"2021-07-20T12:23:18","date_gmt":"2021-07-20T10:23:18","guid":{"rendered":"https:\/\/fbt.shop\/?page_id=25694"},"modified":"2021-07-20T13:00:11","modified_gmt":"2021-07-20T11:00:11","slug":"binoculars-binoculars-hunting-for-stalking-in-the-mountains","status":"publish","type":"page","link":"https:\/\/fbt.shop\/en\/fernglas-fernglaeser-jagd-fuer-ansitz-pirsch-gebirge\/","title":{"rendered":"Binoculars or binoculars for hunting - hide, stalking, mountains"},"content":{"rendered":"<div class=\"page-title category-title\">\n<div id=\"ez-toc-container\" class=\"ez-toc-v2_0_82_2 counter-hierarchy ez-toc-counter ez-toc-grey ez-toc-container-direction\">\n<div class=\"ez-toc-title-container\">\n<p class=\"ez-toc-title\" style=\"cursor:inherit\">Table of contents (click to open &amp; close)<\/p>\n<span class=\"ez-toc-title-toggle\"><a href=\"#\" class=\"ez-toc-pull-right ez-toc-btn ez-toc-btn-xs ez-toc-btn-default ez-toc-toggle\" aria-label=\"Toggle Table of Content\"><span class=\"ez-toc-js-icon-con\"><span class=\"\"><span class=\"eztoc-hide\" style=\"display:none;\">Toggle<\/span><span class=\"ez-toc-icon-toggle-span\"><svg style=\"fill: #999;color:#999\" xmlns=\"http:\/\/www.w3.org\/2000\/svg\" class=\"list-377408\" width=\"20px\" height=\"20px\" viewbox=\"0 0 24 24\" fill=\"none\"><path d=\"M6 6H4v2h2V6zm14 0H8v2h12V6zM4 11h2v2H4v-2zm16 0H8v2h12v-2zM4 16h2v2H4v-2zm16 0H8v2h12v-2z\" fill=\"currentColor\"><\/path><\/svg><svg style=\"fill: #999;color:#999\" class=\"arrow-unsorted-368013\" xmlns=\"http:\/\/www.w3.org\/2000\/svg\" width=\"10px\" height=\"10px\" viewbox=\"0 0 24 24\" version=\"1.2\" baseprofile=\"tiny\"><path d=\"M18.2 9.3l-6.2-6.3-6.2 6.3c-.2.2-.3.4-.3.7s.1.5.3.7c.2.2.4.3.7.3h11c.3 0 .5-.1.7-.3.2-.2.3-.5.3-.7s-.1-.5-.3-.7zM5.8 14.7l6.2 6.3 6.2-6.3c.2-.2.3-.5.3-.7s-.1-.5-.3-.7c-.2-.2-.4-.3-.7-.3h-11c-.3 0-.5.1-.7.3-.2.2-.3.5-.3.7s.1.5.3.7z\"\/><\/svg><\/span><\/span><\/span><\/a><\/span><\/div>\n<nav><ul class='ez-toc-list ez-toc-list-level-1' ><li class='ez-toc-page-1 ez-toc-heading-level-1'><a class=\"ez-toc-link ez-toc-heading-1\" href=\"https:\/\/fbt.shop\/en\/fernglas-fernglaeser-jagd-fuer-ansitz-pirsch-gebirge\/#Empfehlung_Ideales_Fernglas_fur_die_Jagd_speziell_Ansitz_Pirsch_Gebirge\" >Recommendation: Ideal binoculars for hunting, especially hide, stalking and mountain hunting<\/a><ul class='ez-toc-list-level-2' ><li class='ez-toc-heading-level-2'><a class=\"ez-toc-link ez-toc-heading-2\" href=\"https:\/\/fbt.shop\/en\/fernglas-fernglaeser-jagd-fuer-ansitz-pirsch-gebirge\/#Das_richtige_Fernglas_ist_von_den_Einsatzarten_des_Jagers_bzw_der_Jagerin_abhangig\" >The right binoculars depend on the hunter's type of use<\/a><ul class='ez-toc-list-level-3' ><li class='ez-toc-heading-level-3'><a class=\"ez-toc-link ez-toc-heading-3\" href=\"https:\/\/fbt.shop\/en\/fernglas-fernglaeser-jagd-fuer-ansitz-pirsch-gebirge\/#Lichtstarke_%E2%80%93_ein_groses_Thema_beim_Ansitz_%E2%80%93_Dammerungsjagd\" >Light intensity - a major issue when sitting game - twilight hunting<\/a><\/li><li class='ez-toc-page-1 ez-toc-heading-level-3'><a class=\"ez-toc-link ez-toc-heading-4\" href=\"https:\/\/fbt.shop\/en\/fernglas-fernglaeser-jagd-fuer-ansitz-pirsch-gebirge\/#Eine_zB_ideale_Jagdkombination_von_FBT\" >An ideal hunting combination from FBT, for example<\/a><\/li><li class='ez-toc-page-1 ez-toc-heading-level-3'><a class=\"ez-toc-link ez-toc-heading-5\" href=\"https:\/\/fbt.shop\/en\/fernglas-fernglaeser-jagd-fuer-ansitz-pirsch-gebirge\/#Genereller_Fernglas_Vergleich_und_Eignung_nach_Objektivdurchmesser\" >General binoculars comparison and suitability by objective lens diameter<\/a><\/li><li class='ez-toc-page-1 ez-toc-heading-level-3'><a class=\"ez-toc-link ez-toc-heading-6\" href=\"https:\/\/fbt.shop\/en\/fernglas-fernglaeser-jagd-fuer-ansitz-pirsch-gebirge\/#Fernglas_Vergleich_und_Eignung_nach_Vergroserung\" >Binoculars comparison and suitability by magnification<\/a><\/li><\/ul><\/li><\/ul><\/li><\/ul><\/nav><\/div>\n<h1><span class=\"ez-toc-section\" id=\"Empfehlung_Ideales_Fernglas_fur_die_Jagd_speziell_Ansitz_Pirsch_Gebirge\"><\/span>Recommendation: Ideal binoculars for hunting, especially hide, stalking and mountain hunting<span class=\"ez-toc-section-end\"><\/span><\/h1>\n<p>When hunting, binoculars must be very robust.<\/p>\n<p><strong>Hunters and huntresses<\/strong> belong, alongside ornithologists, to the <strong>most demanding customers for binoculars<\/strong>. Due to the many different hunting requirements, binoculars for hunters must first of all be particularly robust.<\/p>\n<p>Observed and <strong>Hunting takes place in both summer and winter<\/strong>. Temperatures and weather conditions can be very unfavourable. Cold, snow, rain and fog can demand a lot from binoculars. The main thing here is to have high-quality binoculars that can function in all environmental conditions.<\/p>\n<p>Based on these considerations, it makes a lot of sense to opt for quality instead of choosing binoculars from the cheap price segment in the short term.<\/p>\n<h2><span class=\"ez-toc-section\" id=\"Das_richtige_Fernglas_ist_von_den_Einsatzarten_des_Jagers_bzw_der_Jagerin_abhangig\"><\/span>The right binoculars depend on the hunter's type of use<span class=\"ez-toc-section-end\"><\/span><\/h2>\n<p>If you are mainly on the prowl, you should go to <strong>a model with about 8x magnification<\/strong> reach. A big advantage of these binoculars is generally the large field of view. If, on the other hand, you are more in the hide, a higher magnification is advisable, for example.<\/p>\n<p><strong>Good binoculars also have a large field of view at 10x magnification. <a href=\"https:\/\/de.wikipedia.org\/wiki\/Fernglas\" target=\"_blank\" rel=\"noopener sponsored\" data-schema-attribute=\"\">Field of vision<\/a> from approx. 115 m to 1000 m<\/strong>. If you are hunting in the mountains, 10x is also an ideal choice. Experience has shown that a minimum lens diameter of 42 mm is recommended for 10x binoculars, as the larger lenses increase the size and weight of the binoculars.<\/p>\n<p>The higher weight in turn increases the <strong>Inertia of the mass<\/strong> and the \"trembling\" (transmission through the hand) of the binoculars is avoided.<\/p>\n<h3><span class=\"ez-toc-section\" id=\"Lichtstarke_%E2%80%93_ein_groses_Thema_beim_Ansitz_%E2%80%93_Dammerungsjagd\"><\/span><span style=\"color: #333333;\">Light intensity - a major issue when sitting game - twilight hunting<\/span><span class=\"ez-toc-section-end\"><\/span><\/h3>\n<p>If you use your binoculars mainly in the <strong>Dusk or dawn<\/strong> If you want to use a lens with a high magnification, you should make sure that the lens diameter is as large as possible so that a good view is guaranteed even in low light. Traditionally, the 56 mm lens with 8x magnification is always recommended.<\/p>\n<p>In recent years, however, glass types have improved their light transmission to such an extent that even <strong>7\u00d742 and 8\u00d742 extreme brightnesses<\/strong> can demonstrate. Relying solely on the calculated twilight number is no longer permitted.<\/p>\n<p>It is important to know that extreme brightness is usually at the expense of colour rendering. This is why the greatest compromise usually has to be made here.<\/p>\n<blockquote><p>As a hunter, you unfortunately have to make compromises if you only want 1 pair of binoculars<\/p><\/blockquote>\n<p>As the different applications in hunting show, if you only want to buy one pair of binoculars, you will always have to make compromises. The optimum model for each type of hunting is fundamentally different and is also the reason why many hunters often own 2-3 pairs of binoculars.<\/p>\n<p>An advantage with <strong>e.g. HAWKE is that you can buy at least 2 binoculars for the price of one binocular of the high-price brands.<\/strong> without having to compromise.<\/p>\n<h3><span class=\"ez-toc-section\" id=\"Eine_zB_ideale_Jagdkombination_von_FBT\"><\/span>An ideal hunting combination from FBT, for example<span class=\"ez-toc-section-end\"><\/span><\/h3>\n<p><strong>8\u00d730 + 8\u00d756 or 10\u00d756 or one 8\u00d730 + 10\u00d742<\/strong><\/p>\n<\/div>\n<div class=\"category-description std\">\n<h3><span class=\"ez-toc-section\" id=\"Genereller_Fernglas_Vergleich_und_Eignung_nach_Objektivdurchmesser\"><\/span>General binoculars comparison and suitability by objective lens diameter<span class=\"ez-toc-section-end\"><\/span><\/h3>\n<table style=\"width: 100%;\" border=\"0\">\n<tbody>\n<tr>\n<td><strong>Luminous intensity<\/strong><\/td>\n<td><strong>Lens<\/strong><\/td>\n<td><strong>Utilisation<\/strong><\/td>\n<\/tr>\n<tr>\n<td>low<\/td>\n<td>25mm<\/td>\n<td>Lightweight and small pocket binoculars Ideal for normal lighting conditions<\/td>\n<\/tr>\n<tr>\n<td>medium<\/td>\n<td>30mm, 32mm<\/td>\n<td>Small all-round binoculars Ideal until early twilight<\/td>\n<\/tr>\n<tr>\n<td>medium higher<\/td>\n<td>42mm, 45mm<\/td>\n<td>All-round binoculars Ideal until (late) dusk<\/td>\n<\/tr>\n<tr>\n<td>high<\/td>\n<td>50mm, 56mm, 60mm<\/td>\n<td>Heavier night glasses for astronomy, for low light conditions, in the evening and at night<\/td>\n<\/tr>\n<\/tbody>\n<\/table>\n<h3><span class=\"ez-toc-section\" id=\"Fernglas_Vergleich_und_Eignung_nach_Vergroserung\"><\/span>Binoculars comparison and suitability by magnification<span class=\"ez-toc-section-end\"><\/span><\/h3>\n<table style=\"width: 100%;\" border=\"0\">\n<tbody>\n<tr>\n<td><strong>Magnification<\/strong><\/td>\n<td><strong>medium<\/strong><\/td>\n<\/tr>\n<tr>\n<td>\u00a07x, 8x, 8.5x, 10x, 10.5x<\/td>\n<td>\u00a0Binoculars for sport, nature observation, astronomy, travel, ornithology, safari, observation<br \/>\n<strong>General scope for selection:\u00a0<\/strong>Small and handy with low light intensity or high light intensity with normal size and weight<\/td>\n<\/tr>\n<tr>\n<td><strong>Magnification<\/strong><\/td>\n<td><strong>high<\/strong><\/td>\n<\/tr>\n<tr>\n<td>\u00a012x, 15x<\/td>\n<td>\u00a0Binoculars for birdwatching, nature observation, safari, security, surveillance or border protection<\/td>\n<\/tr>\n<\/tbody>\n<\/table>\n<\/div>","protected":false},"excerpt":{"rendered":"<p>Empfehlung: Ideales Fernglas f\u00fcr die Jagd speziell Ansitz, Pirsch, Gebirge Auf der Jagd muss ein Fernglas vor allem eines, es muss sehr robust sein. J\u00e4ger und J\u00e4gerinnen geh\u00f6ren, neben den Ornithologen, zu den anspruchsvollsten Kunden f\u00fcr Ferngl\u00e4ser. Aufgrund der vielen unterschiedlichen, jagdlichen Anforderungen, m\u00fcssen Ferngl\u00e4ser f\u00fcr J\u00e4ger zuerst einmal ganz besonders robust gebaut sein. Beobachtet [&#8230;]\n","protected":false},"author":225,"featured_media":0,"parent":0,"menu_order":0,"comment_status":"closed","ping_status":"closed","template":"","meta":{"inline_featured_image":false,"footnotes":""},"class_list":["post-25694","page","type-page","status-publish","hentry"],"_links":{"self":[{"href":"https:\/\/fbt.shop\/en\/wp-json\/wp\/v2\/pages\/25694","targetHints":{"allow":["GET"]}}],"collection":[{"href":"https:\/\/fbt.shop\/en\/wp-json\/wp\/v2\/pages"}],"about":[{"href":"https:\/\/fbt.shop\/en\/wp-json\/wp\/v2\/types\/page"}],"author":[{"embeddable":true,"href":"https:\/\/fbt.shop\/en\/wp-json\/wp\/v2\/users\/225"}],"replies":[{"embeddable":true,"href":"https:\/\/fbt.shop\/en\/wp-json\/wp\/v2\/comments?post=25694"}],"version-history":[{"count":0,"href":"https:\/\/fbt.shop\/en\/wp-json\/wp\/v2\/pages\/25694\/revisions"}],"wp:attachment":[{"href":"https:\/\/fbt.shop\/en\/wp-json\/wp\/v2\/media?parent=25694"}],"curies":[{"name":"wp","href":"https:\/\/api.w.org\/{rel}","templated":true}]}}