{"id":29464,"date":"2022-04-30T14:18:30","date_gmt":"2022-04-30T12:18:30","guid":{"rendered":"https:\/\/fbt.shop\/?page_id=29464"},"modified":"2022-07-26T21:56:21","modified_gmt":"2022-07-26T19:56:21","slug":"experience-fbt","status":"publish","type":"page","link":"https:\/\/fbt.shop\/en\/fbt-erleben\/","title":{"rendered":"Experience FBT"},"content":{"rendered":"\t<div id=\"gap-324125208\" class=\"gap-element clearfix\" style=\"display:block; height:auto;\">\n\t\t\n<style>\n#gap-324125208 {\n  padding-top: 180px;\n}\n<\/style>\n\t<\/div>\n\t\n\n\t<section class=\"section\" id=\"section_1125912127\">\n\t\t<div class=\"section-bg fill\" >\n\t\t\t\t\t\t\t\t\t\n\t\t\t\n\n\t\t<\/div>\n\n\t\t\n\n\t\t<div class=\"section-content relative\">\n\t\t\t\n<div class=\"row row-full-width\"  id=\"row-939168755\">\n\n\t<div id=\"col-1707396842\" class=\"col small-12 large-12\"  >\n\t\t\t\t<div class=\"col-inner\"  >\n\t\t\t\n\t\t\t\n\t<div id=\"text-1955538794\" class=\"text\">\n\t\t\n<h1><span style=\"font-size: 200%; font-variant: small-caps;\">Willkomen in der Welt von FBT<br \/>\n<\/span><\/h1>\n<h1><span style=\"font-size: 120%;\">Highlights, Showroom und Beratungscenter<\/span><\/h1>\n\t<div id=\"gap-599050404\" class=\"gap-element clearfix\" style=\"display:block; height:auto;\">\n\t\t\n<style>\n#gap-599050404 {\n  padding-top: 15px;\n}\n<\/style>\n\t<\/div>\n\t\n<div id='ggpkg_container_0_29464' style='width:100%; height:600px; position: relative;'>\nLoading...\n<\/div>\n<script type='text\/javascript' src='https:\/\/fbt.shop\/wp-content\/uploads\/2022\/05\/fbt_verkaufsraum\/pano2vr_player.js'><\/script>\n<script type='text\/javascript'>\nwindow.addEventListener('load',function() {\nif  (typeof fbt_verkaufsraum_pano2vrPlayer != 'undefined') {\n\tpano_0_29464=new fbt_verkaufsraum_pano2vrPlayer('ggpkg_container_0_29464');\n} else {\n\tpano_0_29464=new pano2vrPlayer('ggpkg_container_0_29464');\n}\npano_0_29464.readConfigUrlAsync('https:\/\/fbt.shop\/wp-content\/uploads\/2022\/05\/fbt_verkaufsraum\/pano.xml');\nvar contentOverflow = document.getElementById('content') ? document.getElementById('content').style.overflow : '';\npano_0_29464.addListener('fullscreenenter', function() {\n\tif (document.getElementById('content')) {\n\t\tdocument.getElementById('content').style.overflow = 'visible';\n\t}\n});\npano_0_29464.addListener('fullscreenexit', function() {\n\tif (document.getElementById('content')) {\n\t\tdocument.getElementById('content').style.overflow = contentOverflow;\n\t}\n});\n\n});\n<\/script>\n\n\t\t\n<style>\n#text-1955538794 {\n  text-align: center;\n}\n<\/style>\n\t<\/div>\n\t\n\t\t<\/div>\n\t\t\t\t\t<\/div>\n\n\t\n<\/div>\n<div class=\"row\"  id=\"row-372072047\">\n\n\t<div id=\"col-98911621\" class=\"col small-12 large-12\"  >\n\t\t\t\t<div class=\"col-inner\"  >\n\t\t\t\n\t\t\t\n\t<div id=\"gap-2041463695\" class=\"gap-element clearfix\" style=\"display:block; height:auto;\">\n\t\t\n<style>\n#gap-2041463695 {\n  padding-top: 30px;\n}\n<\/style>\n\t<\/div>\n\t\n<div class=\"text-center\"><div class=\"is-divider divider clearfix\" style=\"max-width:100%;height:1px;\"><\/div><\/div>\n\t<div id=\"text-3274927142\" class=\"text\">\n\t\t\n<p><strong>Unser Raum f\u00fcr Sch\u00fctzen &#8211; der Schie\u00dfstand<\/strong><\/p>\n[sphere 29462]\n\t\t\n<style>\n#text-3274927142 {\n  text-align: center;\n}\n<\/style>\n\t<\/div>\n\t\n\t<div id=\"gap-564925193\" class=\"gap-element clearfix\" style=\"display:block; height:auto;\">\n\t\t\n<style>\n#gap-564925193 {\n  padding-top: 15px;\n}\n<\/style>\n\t<\/div>\n\t\n<div class=\"text-center\"><div class=\"is-divider divider clearfix\" style=\"max-width:100%;height:1px;\"><\/div><\/div>\n\t<div id=\"text-566357460\" class=\"text\">\n\t\t\n<p><strong>Unser 100 Meter Kanal f\u00fcr die Waffenjustierung<\/strong><\/p>\n[sphere 29463]\n\t\t\n<style>\n#text-566357460 {\n  text-align: center;\n}\n<\/style>\n\t<\/div>\n\t\n\t\t<\/div>\n\t\t\t\t\t<\/div>\n\n\t\n<\/div>\n\t\t<\/div>\n\n\t\t\n<style>\n#section_1125912127 {\n  padding-top: 0px;\n  padding-bottom: 0px;\n}\n<\/style>\n\t<\/section>\n\t\n\t<div id=\"gap-1777524373\" class=\"gap-element clearfix\" style=\"display:block; height:auto;\">\n\t\t\n<style>\n#gap-1777524373 {\n  padding-top: 50px;\n}\n<\/style>\n\t<\/div>\n\t\n","protected":false},"excerpt":{"rendered":"","protected":false},"author":1,"featured_media":0,"parent":0,"menu_order":0,"comment_status":"closed","ping_status":"closed","template":"page-transparent-header.php","meta":{"inline_featured_image":false,"footnotes":""},"class_list":["post-29464","page","type-page","status-publish","hentry"],"_links":{"self":[{"href":"https:\/\/fbt.shop\/en\/wp-json\/wp\/v2\/pages\/29464","targetHints":{"allow":["GET"]}}],"collection":[{"href":"https:\/\/fbt.shop\/en\/wp-json\/wp\/v2\/pages"}],"about":[{"href":"https:\/\/fbt.shop\/en\/wp-json\/wp\/v2\/types\/page"}],"author":[{"embeddable":true,"href":"https:\/\/fbt.shop\/en\/wp-json\/wp\/v2\/users\/1"}],"replies":[{"embeddable":true,"href":"https:\/\/fbt.shop\/en\/wp-json\/wp\/v2\/comments?post=29464"}],"version-history":[{"count":0,"href":"https:\/\/fbt.shop\/en\/wp-json\/wp\/v2\/pages\/29464\/revisions"}],"wp:attachment":[{"href":"https:\/\/fbt.shop\/en\/wp-json\/wp\/v2\/media?parent=29464"}],"curies":[{"name":"wp","href":"https:\/\/api.w.org\/{rel}","templated":true}]}}