{"id":30280,"date":"2022-06-13T19:50:42","date_gmt":"2022-06-13T17:50:42","guid":{"rendered":"https:\/\/fbt.shop\/?page_id=30280"},"modified":"2022-06-13T19:59:47","modified_gmt":"2022-06-13T17:59:47","slug":"hikmicro-thermal-imaging-devices","status":"publish","type":"page","link":"https:\/\/fbt.shop\/en\/hikmicro-waermebildgeraete\/","title":{"rendered":"HIKMICRO Thermal imaging attachments | Overview of all devices"},"content":{"rendered":"\t\n  \n    <div id=\"product-grid-763462468\" class=\"row large-columns-2 medium-columns- small-columns- row-normal row-masonry\" data-packery-options='{\"itemSelector\": \".col\", \"gutter\": 0, \"presentageWidth\" : true}'>\n\n  \n\t     <div class=\"product-small col has-hover product type-product post-30054 status-publish first instock product_cat-hikmicro product_cat-wb-vorsatzgeraete product_tag-hikmicro product_tag-thunder-pro product_tag-vorsatzgeraet product_tag-waermebildgeraet has-post-thumbnail taxable shipping-taxable purchasable product-type-bundle\">\n\t<div class=\"col-inner\">\n\t\n<div class=\"badge-container absolute left top z-1\">\n\n<div class=\"badge callout badge-circle\"><div class=\"badge-inner callout-new-bg is-small new-bubble\">HIKMICRO<\/div><\/div><\/div>\n\t<div class=\"product-small box \">\n\t\t<div class=\"box-image\">\n\t\t\t<div class=\"image-fade_in_back\">\n\t\t\t\t<a href=\"https:\/\/fbt.shop\/en\/kaufen\/hikmicro-thunder-pro-tq50c\/\">\n\t\t\t\t\t<img decoding=\"async\" width=\"340\" height=\"340\" src=\"https:\/\/fbt.shop\/wp-content\/uploads\/2022\/06\/Thunder-Pro-TQ50C-340x340.webp\" class=\"attachment-woocommerce_thumbnail size-woocommerce_thumbnail\" alt=\"HIKMICRO Thunder Pro TQ50C W\u00e4rmebild Ger\u00e4t\" srcset=\"https:\/\/fbt.shop\/wp-content\/uploads\/2022\/06\/Thunder-Pro-TQ50C-340x340.webp 340w, https:\/\/fbt.shop\/wp-content\/uploads\/2022\/06\/Thunder-Pro-TQ50C-470x470.webp 470w, https:\/\/fbt.shop\/wp-content\/uploads\/2022\/06\/Thunder-Pro-TQ50C-870x870.webp 870w, https:\/\/fbt.shop\/wp-content\/uploads\/2022\/06\/Thunder-Pro-TQ50C-1000x1000.webp 1000w, https:\/\/fbt.shop\/wp-content\/uploads\/2022\/06\/Thunder-Pro-TQ50C-1500x1500.webp 1500w, https:\/\/fbt.shop\/wp-content\/uploads\/2022\/06\/Thunder-Pro-TQ50C-500x500.webp 500w, https:\/\/fbt.shop\/wp-content\/uploads\/2022\/06\/Thunder-Pro-TQ50C-768x768.webp 768w, https:\/\/fbt.shop\/wp-content\/uploads\/2022\/06\/Thunder-Pro-TQ50C-1536x1536.webp 1536w, https:\/\/fbt.shop\/wp-content\/uploads\/2022\/06\/Thunder-Pro-TQ50C-790x790.webp 790w, https:\/\/fbt.shop\/wp-content\/uploads\/2022\/06\/Thunder-Pro-TQ50C.webp 2000w\" sizes=\"(max-width: 340px) 100vw, 340px\" title=\"\"><img decoding=\"async\" width=\"340\" height=\"340\" src=\"https:\/\/fbt.shop\/wp-content\/uploads\/2022\/06\/Thunder-Pro-TQ50C_4-340x340.webp\" class=\"show-on-hover absolute fill hide-for-small back-image\" alt=\"W\u00e4rmebild Vorsatzger\u00e4t Thunder Pro TQ50C | HIKMICRO\" aria-hidden=\"true\" srcset=\"https:\/\/fbt.shop\/wp-content\/uploads\/2022\/06\/Thunder-Pro-TQ50C_4-340x340.webp 340w, https:\/\/fbt.shop\/wp-content\/uploads\/2022\/06\/Thunder-Pro-TQ50C_4-470x470.webp 470w, https:\/\/fbt.shop\/wp-content\/uploads\/2022\/06\/Thunder-Pro-TQ50C_4-870x870.webp 870w, https:\/\/fbt.shop\/wp-content\/uploads\/2022\/06\/Thunder-Pro-TQ50C_4-1000x1000.webp 1000w, https:\/\/fbt.shop\/wp-content\/uploads\/2022\/06\/Thunder-Pro-TQ50C_4-1500x1500.webp 1500w, https:\/\/fbt.shop\/wp-content\/uploads\/2022\/06\/Thunder-Pro-TQ50C_4-500x500.webp 500w, https:\/\/fbt.shop\/wp-content\/uploads\/2022\/06\/Thunder-Pro-TQ50C_4-768x768.webp 768w, https:\/\/fbt.shop\/wp-content\/uploads\/2022\/06\/Thunder-Pro-TQ50C_4-1536x1536.webp 1536w, https:\/\/fbt.shop\/wp-content\/uploads\/2022\/06\/Thunder-Pro-TQ50C_4-790x790.webp 790w, https:\/\/fbt.shop\/wp-content\/uploads\/2022\/06\/Thunder-Pro-TQ50C_4.webp 2000w\" sizes=\"(max-width: 340px) 100vw, 340px\" title=\"\">\t\t\t\t<\/a>\n\t\t\t<\/div>\n\t\t\t<div class=\"image-tools is-small top right show-on-hover\">\n\t\t\t\t\t\t\t<\/div>\n\t\t\t<div class=\"image-tools is-small hide-for-small bottom left show-on-hover\">\n\t\t\t\t\t\t\t<\/div>\n\t\t\t<div class=\"image-tools grid-tools text-center hide-for-small bottom hover-slide-in show-on-hover\">\n\t\t\t\t<a href=\"#quick-view\" class=\"quick-view\" role=\"button\" data-prod=\"30054\" aria-haspopup=\"dialog\" aria-expanded=\"false\" data-flatsome-role-button>Quick View<\/a>\t\t\t<\/div>\n\t\t\t\t\t<\/div>\n\n\t\t<div class=\"box-text box-text-products\">\n\t\t\t<div class=\"title-wrapper\"><p class=\"name product-title woocommerce-loop-product__title\"><a href=\"https:\/\/fbt.shop\/en\/kaufen\/hikmicro-thunder-pro-tq50c\/\" class=\"woocommerce-LoopProduct-link woocommerce-loop-product__link\">HIKMICRO Thunder Pro TQ50C | W\u00e4rmebild Vorsatzger\u00e4t<\/a><\/p><\/div><div class=\"price-wrapper\">\n\t<span class=\"price\"><span class=\"from\">Ab: <\/span><span class=\"woocommerce-Price-amount amount\"><bdi><span class=\"woocommerce-Price-currencySymbol\">&euro;<\/span>&nbsp;3.990,00<\/bdi><\/span> <small class=\"woocommerce-price-suffix\">(<span class=\"woocommerce-Price-amount amount\"><bdi><span class=\"woocommerce-Price-currencySymbol\">&euro;<\/span>&nbsp;3.325,00<\/bdi><\/span> exkl. USt.)<\/small><\/span>\n<\/div><div class=\"add-to-cart-button\"><a href=\"\/en\/wp-json\/wp\/v2\/pages\/30280?add-to-cart=30054\" aria-describedby=\"woocommerce_loop_add_to_cart_link_describedby_30054\" data-quantity=\"1\" class=\"primary is-small mb-0 button product_type_bundle add_to_cart_button ajax_add_to_cart is-outline\" data-product_id=\"30054\" data-product_sku=\"HIKTQ50C\" aria-label=\"Read more about &ldquo;HIKMICRO Thunder Pro TQ50C | W\u00e4rmebild Vorsatzger\u00e4t&rdquo;\" rel=\"nofollow\" role=\"button\">Add to basket<\/a><\/div>\t<span id=\"woocommerce_loop_add_to_cart_link_describedby_30054\" class=\"screen-reader-text\">\n\t\t\t<\/span>\n\t\t<\/div>\n\t<\/div>\n\t\t\t\t<input type=\"hidden\" class=\"pmwProductId\" data-id=\"30054\">\n\t\t\t\t\t<script>\n\t\t\t(window.pmwDataLayer = window.pmwDataLayer || {}).products                = window.pmwDataLayer.products || {};\n\t\t\twindow.pmwDataLayer.products[30054] = {\"id\":\"30054\",\"sku\":\"HIKTQ50C\",\"price\":3990,\"brand\":\"\",\"quantity\":1,\"dyn_r_ids\":{\"post_id\":\"30054\",\"sku\":\"HIKTQ50C\",\"gpf\":\"woocommerce_gpf_30054\",\"gla\":\"gla_30054\"},\"is_variable\":false,\"type\":\"bundle\",\"name\":\"HIKMICRO Thunder Pro TQ50C | W\u00e4rmebild Vorsatzger\u00e4t\",\"category\":[\"HIKMICRO\",\"Vorsatzger\u00e4te\"],\"is_variation\":false};\n\t\t\t\t\twindow.pmw_product_position = window.pmw_product_position || 1;\n\t\twindow.pmwDataLayer.products[30054]['position'] = window.pmw_product_position++;\n\t\t\t\t<\/script>\n\t\t\t<\/div>\n<\/div><div class=\"product-small col has-hover out-of-stock product type-product post-29914 status-publish outofstock product_cat-hikmicro product_cat-wb-vorsatzgeraete product_tag-hikmicro product_tag-thunder-pro product_tag-vorsatzgeraet product_tag-waermebildgeraet has-post-thumbnail taxable shipping-taxable purchasable product-type-bundle\">\n\t<div class=\"col-inner\">\n\t\n<div class=\"badge-container absolute left top z-1\">\n\n<div class=\"badge callout badge-circle\"><div class=\"badge-inner callout-new-bg is-small new-bubble\">HIKMICRO<\/div><\/div><\/div>\n\t<div class=\"product-small box \">\n\t\t<div class=\"box-image\">\n\t\t\t<div class=\"image-fade_in_back\">\n\t\t\t\t<a href=\"https:\/\/fbt.shop\/en\/kaufen\/hikmicro-thunder-pro-te19c\/\">\n\t\t\t\t\t<img decoding=\"async\" width=\"340\" height=\"340\" src=\"https:\/\/fbt.shop\/wp-content\/uploads\/2022\/06\/Thunder-Pro-TE19C-340x340.webp\" class=\"attachment-woocommerce_thumbnail size-woocommerce_thumbnail\" alt=\"HIKMICRO Thunder Pro TE19C W\u00e4rmebild Ger\u00e4t\" srcset=\"https:\/\/fbt.shop\/wp-content\/uploads\/2022\/06\/Thunder-Pro-TE19C-340x340.webp 340w, https:\/\/fbt.shop\/wp-content\/uploads\/2022\/06\/Thunder-Pro-TE19C-470x470.webp 470w, https:\/\/fbt.shop\/wp-content\/uploads\/2022\/06\/Thunder-Pro-TE19C-870x870.webp 870w, https:\/\/fbt.shop\/wp-content\/uploads\/2022\/06\/Thunder-Pro-TE19C-1000x1000.webp 1000w, https:\/\/fbt.shop\/wp-content\/uploads\/2022\/06\/Thunder-Pro-TE19C-1500x1500.webp 1500w, https:\/\/fbt.shop\/wp-content\/uploads\/2022\/06\/Thunder-Pro-TE19C-500x500.webp 500w, https:\/\/fbt.shop\/wp-content\/uploads\/2022\/06\/Thunder-Pro-TE19C-768x768.webp 768w, https:\/\/fbt.shop\/wp-content\/uploads\/2022\/06\/Thunder-Pro-TE19C-1536x1536.webp 1536w, https:\/\/fbt.shop\/wp-content\/uploads\/2022\/06\/Thunder-Pro-TE19C-790x790.webp 790w, https:\/\/fbt.shop\/wp-content\/uploads\/2022\/06\/Thunder-Pro-TE19C.webp 2000w\" sizes=\"(max-width: 340px) 100vw, 340px\" title=\"\"><img decoding=\"async\" width=\"340\" height=\"340\" src=\"https:\/\/fbt.shop\/wp-content\/uploads\/2022\/06\/Thunder-Pro-TE19C_4-340x340.webp\" class=\"show-on-hover absolute fill hide-for-small back-image\" alt=\"Thunder Pro TE19C W\u00e4rmebildger\u00e4t | HIKMICRO\" aria-hidden=\"true\" srcset=\"https:\/\/fbt.shop\/wp-content\/uploads\/2022\/06\/Thunder-Pro-TE19C_4-340x340.webp 340w, https:\/\/fbt.shop\/wp-content\/uploads\/2022\/06\/Thunder-Pro-TE19C_4-470x470.webp 470w, https:\/\/fbt.shop\/wp-content\/uploads\/2022\/06\/Thunder-Pro-TE19C_4-870x870.webp 870w, https:\/\/fbt.shop\/wp-content\/uploads\/2022\/06\/Thunder-Pro-TE19C_4-1000x1000.webp 1000w, https:\/\/fbt.shop\/wp-content\/uploads\/2022\/06\/Thunder-Pro-TE19C_4-1500x1500.webp 1500w, https:\/\/fbt.shop\/wp-content\/uploads\/2022\/06\/Thunder-Pro-TE19C_4-500x500.webp 500w, https:\/\/fbt.shop\/wp-content\/uploads\/2022\/06\/Thunder-Pro-TE19C_4-768x768.webp 768w, https:\/\/fbt.shop\/wp-content\/uploads\/2022\/06\/Thunder-Pro-TE19C_4-1536x1536.webp 1536w, https:\/\/fbt.shop\/wp-content\/uploads\/2022\/06\/Thunder-Pro-TE19C_4-790x790.webp 790w, https:\/\/fbt.shop\/wp-content\/uploads\/2022\/06\/Thunder-Pro-TE19C_4.webp 2000w\" sizes=\"(max-width: 340px) 100vw, 340px\" title=\"\">\t\t\t\t<\/a>\n\t\t\t<\/div>\n\t\t\t<div class=\"image-tools is-small top right show-on-hover\">\n\t\t\t\t\t\t\t<\/div>\n\t\t\t<div class=\"image-tools is-small hide-for-small bottom left show-on-hover\">\n\t\t\t\t\t\t\t<\/div>\n\t\t\t<div class=\"image-tools grid-tools text-center hide-for-small bottom hover-slide-in show-on-hover\">\n\t\t\t\t<a href=\"#quick-view\" class=\"quick-view\" role=\"button\" data-prod=\"29914\" aria-haspopup=\"dialog\" aria-expanded=\"false\" data-flatsome-role-button>Quick View<\/a>\t\t\t<\/div>\n\t\t\t<div class=\"out-of-stock-label\">Nicht vorr\u00e4tig<\/div>\t\t<\/div>\n\n\t\t<div class=\"box-text box-text-products\">\n\t\t\t<div class=\"title-wrapper\"><p class=\"name product-title woocommerce-loop-product__title\"><a href=\"https:\/\/fbt.shop\/en\/kaufen\/hikmicro-thunder-pro-te19c\/\" class=\"woocommerce-LoopProduct-link woocommerce-loop-product__link\">HIKMICRO Thunder Pro TE19C | W\u00e4rmebild Vorsatzger\u00e4t<\/a><\/p><\/div><div class=\"price-wrapper\">\n\t<span class=\"price\"><span class=\"from\">Ab: <\/span><span class=\"woocommerce-Price-amount amount\"><bdi><span class=\"woocommerce-Price-currencySymbol\">&euro;<\/span>&nbsp;1.270,00<\/bdi><\/span> <small class=\"woocommerce-price-suffix\">(<span class=\"woocommerce-Price-amount amount\"><bdi><span class=\"woocommerce-Price-currencySymbol\">&euro;<\/span>&nbsp;1.058,33<\/bdi><\/span> exkl. USt.)<\/small><\/span>\n<\/div><div class=\"add-to-cart-button\"><a href=\"https:\/\/fbt.shop\/en\/kaufen\/hikmicro-thunder-pro-te19c\/\" aria-describedby=\"woocommerce_loop_add_to_cart_link_describedby_29914\" data-quantity=\"1\" class=\"primary is-small mb-0 button product_type_bundle product_type_bundle_input_required is-outline\" data-product_id=\"29914\" data-product_sku=\"HIKTE19C\" aria-label=\"Read more about &ldquo;HIKMICRO Thunder Pro TE19C | W\u00e4rmebild Vorsatzger\u00e4t&rdquo;\" rel=\"nofollow\">Read more<\/a><\/div>\t<span id=\"woocommerce_loop_add_to_cart_link_describedby_29914\" class=\"screen-reader-text\">\n\t\t\t<\/span>\n\t\t<\/div>\n\t<\/div>\n\t\t\t\t<input type=\"hidden\" class=\"pmwProductId\" data-id=\"29914\">\n\t\t\t\t\t<script>\n\t\t\t(window.pmwDataLayer = window.pmwDataLayer || {}).products                = window.pmwDataLayer.products || {};\n\t\t\twindow.pmwDataLayer.products[29914] = {\"id\":\"29914\",\"sku\":\"HIKTE19C\",\"price\":1270,\"brand\":\"\",\"quantity\":1,\"dyn_r_ids\":{\"post_id\":\"29914\",\"sku\":\"HIKTE19C\",\"gpf\":\"woocommerce_gpf_29914\",\"gla\":\"gla_29914\"},\"is_variable\":false,\"type\":\"bundle\",\"name\":\"HIKMICRO Thunder Pro TE19C | W\u00e4rmebild Vorsatzger\u00e4t\",\"category\":[\"HIKMICRO\",\"Vorsatzger\u00e4te\"],\"is_variation\":false};\n\t\t\t\t\twindow.pmw_product_position = window.pmw_product_position || 1;\n\t\twindow.pmwDataLayer.products[29914]['position'] = window.pmw_product_position++;\n\t\t\t\t<\/script>\n\t\t\t<\/div>\n<\/div><div class=\"product-small col has-hover product type-product post-30039 status-publish last instock product_cat-hikmicro product_cat-wb-vorsatzgeraete product_tag-hikmicro product_tag-thunder-pro product_tag-vorsatzgeraet product_tag-waermebildgeraet has-post-thumbnail taxable shipping-taxable purchasable product-type-bundle\">\n\t<div class=\"col-inner\">\n\t\n<div class=\"badge-container absolute left top z-1\">\n\n<div class=\"badge callout badge-circle\"><div class=\"badge-inner callout-new-bg is-small new-bubble\">HIKMICRO<\/div><\/div><\/div>\n\t<div class=\"product-small box \">\n\t\t<div class=\"box-image\">\n\t\t\t<div class=\"image-fade_in_back\">\n\t\t\t\t<a href=\"https:\/\/fbt.shop\/en\/kaufen\/hikmicro-thunder-pro-th35pc\/\">\n\t\t\t\t\t<img decoding=\"async\" width=\"340\" height=\"340\" src=\"https:\/\/fbt.shop\/wp-content\/uploads\/2022\/06\/Thunder-Pro-TH35PC-340x340.webp\" class=\"attachment-woocommerce_thumbnail size-woocommerce_thumbnail\" alt=\"HIKMICRO Thunder Pro TH35PC W\u00e4rmebild Ger\u00e4t\" srcset=\"https:\/\/fbt.shop\/wp-content\/uploads\/2022\/06\/Thunder-Pro-TH35PC-340x340.webp 340w, https:\/\/fbt.shop\/wp-content\/uploads\/2022\/06\/Thunder-Pro-TH35PC-470x470.webp 470w, https:\/\/fbt.shop\/wp-content\/uploads\/2022\/06\/Thunder-Pro-TH35PC-870x870.webp 870w, https:\/\/fbt.shop\/wp-content\/uploads\/2022\/06\/Thunder-Pro-TH35PC-1000x1000.webp 1000w, https:\/\/fbt.shop\/wp-content\/uploads\/2022\/06\/Thunder-Pro-TH35PC-1500x1500.webp 1500w, https:\/\/fbt.shop\/wp-content\/uploads\/2022\/06\/Thunder-Pro-TH35PC-500x500.webp 500w, https:\/\/fbt.shop\/wp-content\/uploads\/2022\/06\/Thunder-Pro-TH35PC-768x768.webp 768w, https:\/\/fbt.shop\/wp-content\/uploads\/2022\/06\/Thunder-Pro-TH35PC-1536x1536.webp 1536w, https:\/\/fbt.shop\/wp-content\/uploads\/2022\/06\/Thunder-Pro-TH35PC-790x790.webp 790w, https:\/\/fbt.shop\/wp-content\/uploads\/2022\/06\/Thunder-Pro-TH35PC.webp 2000w\" sizes=\"(max-width: 340px) 100vw, 340px\" title=\"\"><img decoding=\"async\" width=\"340\" height=\"340\" src=\"https:\/\/fbt.shop\/wp-content\/uploads\/2022\/06\/Thunder-Pro-TH35PC_3-340x340.webp\" class=\"show-on-hover absolute fill hide-for-small back-image\" alt=\"W\u00e4rmebild Ger\u00e4t HIKMICRO Thunder Pro TH35PC\" aria-hidden=\"true\" srcset=\"https:\/\/fbt.shop\/wp-content\/uploads\/2022\/06\/Thunder-Pro-TH35PC_3-340x340.webp 340w, https:\/\/fbt.shop\/wp-content\/uploads\/2022\/06\/Thunder-Pro-TH35PC_3-470x470.webp 470w, https:\/\/fbt.shop\/wp-content\/uploads\/2022\/06\/Thunder-Pro-TH35PC_3-870x870.webp 870w, https:\/\/fbt.shop\/wp-content\/uploads\/2022\/06\/Thunder-Pro-TH35PC_3-1000x1000.webp 1000w, https:\/\/fbt.shop\/wp-content\/uploads\/2022\/06\/Thunder-Pro-TH35PC_3-1500x1500.webp 1500w, https:\/\/fbt.shop\/wp-content\/uploads\/2022\/06\/Thunder-Pro-TH35PC_3-500x500.webp 500w, https:\/\/fbt.shop\/wp-content\/uploads\/2022\/06\/Thunder-Pro-TH35PC_3-768x768.webp 768w, https:\/\/fbt.shop\/wp-content\/uploads\/2022\/06\/Thunder-Pro-TH35PC_3-1536x1536.webp 1536w, https:\/\/fbt.shop\/wp-content\/uploads\/2022\/06\/Thunder-Pro-TH35PC_3-790x790.webp 790w, https:\/\/fbt.shop\/wp-content\/uploads\/2022\/06\/Thunder-Pro-TH35PC_3.webp 2000w\" sizes=\"(max-width: 340px) 100vw, 340px\" title=\"\">\t\t\t\t<\/a>\n\t\t\t<\/div>\n\t\t\t<div class=\"image-tools is-small top right show-on-hover\">\n\t\t\t\t\t\t\t<\/div>\n\t\t\t<div class=\"image-tools is-small hide-for-small bottom left show-on-hover\">\n\t\t\t\t\t\t\t<\/div>\n\t\t\t<div class=\"image-tools grid-tools text-center hide-for-small bottom hover-slide-in show-on-hover\">\n\t\t\t\t<a href=\"#quick-view\" class=\"quick-view\" role=\"button\" data-prod=\"30039\" aria-haspopup=\"dialog\" aria-expanded=\"false\" data-flatsome-role-button>Quick View<\/a>\t\t\t<\/div>\n\t\t\t\t\t<\/div>\n\n\t\t<div class=\"box-text box-text-products\">\n\t\t\t<div class=\"title-wrapper\"><p class=\"name product-title woocommerce-loop-product__title\"><a href=\"https:\/\/fbt.shop\/en\/kaufen\/hikmicro-thunder-pro-th35pc\/\" class=\"woocommerce-LoopProduct-link woocommerce-loop-product__link\">HIKMICRO Thunder Pro TH35PC | W\u00e4rmebild Vorsatzger\u00e4t<\/a><\/p><\/div><div class=\"price-wrapper\">\n\t<span class=\"price\"><span class=\"from\">Ab: <\/span><span class=\"woocommerce-Price-amount amount\"><bdi><span class=\"woocommerce-Price-currencySymbol\">&euro;<\/span>&nbsp;2.499,00<\/bdi><\/span> <small class=\"woocommerce-price-suffix\">(<span class=\"woocommerce-Price-amount amount\"><bdi><span class=\"woocommerce-Price-currencySymbol\">&euro;<\/span>&nbsp;2.082,50<\/bdi><\/span> exkl. USt.)<\/small><\/span>\n<\/div><div class=\"add-to-cart-button\"><a href=\"\/en\/wp-json\/wp\/v2\/pages\/30280?add-to-cart=30039\" aria-describedby=\"woocommerce_loop_add_to_cart_link_describedby_30039\" data-quantity=\"1\" class=\"primary is-small mb-0 button product_type_bundle add_to_cart_button ajax_add_to_cart is-outline\" data-product_id=\"30039\" data-product_sku=\"HIKTH35PC\" aria-label=\"Read more about &ldquo;HIKMICRO Thunder Pro TH35PC | W\u00e4rmebild Vorsatzger\u00e4t&rdquo;\" rel=\"nofollow\" role=\"button\">Add to basket<\/a><\/div>\t<span id=\"woocommerce_loop_add_to_cart_link_describedby_30039\" class=\"screen-reader-text\">\n\t\t\t<\/span>\n\t\t<\/div>\n\t<\/div>\n\t\t\t\t<input type=\"hidden\" class=\"pmwProductId\" data-id=\"30039\">\n\t\t\t\t\t<script>\n\t\t\t(window.pmwDataLayer = window.pmwDataLayer || {}).products                = window.pmwDataLayer.products || {};\n\t\t\twindow.pmwDataLayer.products[30039] = {\"id\":\"30039\",\"sku\":\"HIKTH35PC\",\"price\":2499,\"brand\":\"\",\"quantity\":1,\"dyn_r_ids\":{\"post_id\":\"30039\",\"sku\":\"HIKTH35PC\",\"gpf\":\"woocommerce_gpf_30039\",\"gla\":\"gla_30039\"},\"is_variable\":false,\"type\":\"bundle\",\"name\":\"HIKMICRO Thunder Pro TH35PC | W\u00e4rmebild Vorsatzger\u00e4t\",\"category\":[\"HIKMICRO\",\"Vorsatzger\u00e4te\"],\"is_variation\":false};\n\t\t\t\t\twindow.pmw_product_position = window.pmw_product_position || 1;\n\t\twindow.pmwDataLayer.products[30039]['position'] = window.pmw_product_position++;\n\t\t\t\t<\/script>\n\t\t\t<\/div>\n<\/div><\/div>\n<div class=\"text-center\"><div class=\"is-divider divider clearfix\" style=\"margin-top:2.0em;margin-bottom:2.0em;max-width:50%;\"><\/div><\/div>\n\n\t<section class=\"section dark has-parallax\" id=\"section_62103160\">\n\t\t<div class=\"section-bg fill\" data-parallax-container=\".section\" data-parallax-background data-parallax=\"-3\">\n\t\t\t<img decoding=\"async\" width=\"2048\" height=\"1462\" src=\"https:\/\/fbt.shop\/wp-content\/uploads\/2021\/07\/FBT-Familie-scaled-1.jpeg\" class=\"bg attachment-original size-original\" alt=\"\" title=\"\">\t\t\t\t\t\t<div class=\"section-bg-overlay absolute fill\"><\/div>\n\t\t\t\n\n\t\t<\/div>\n\n\t\t\n\n\t\t<div class=\"section-content relative\">\n\t\t\t\n<div class=\"row\"  id=\"row-1790109359\">\n\n\t<div id=\"col-1145162928\" class=\"col small-12 large-12\"  >\n\t\t\t\t<div class=\"col-inner\"  >\n\t\t\t\n\t\t\t\n<h2>Zum Nachlesen &#8211; \u00dcberlegungen f\u00fcr die Anschaffung eines W\u00e4rmebild Ger\u00e4tes<\/h2>\n<div class=\"accordion\">\n\t<div id=\"accordion-4019976760\" class=\"accordion-item\">\n\t\t<a id=\"accordion-4019976760-label\" class=\"accordion-title plain active\" href=\"#accordion-item-die-wahl-des-richtigen-w\u00e4rmebild-zielger\u00e4tes\" aria-expanded=\"true\" aria-controls=\"accordion-4019976760-content\">\n\t\t\t<button class=\"toggle\" aria-label=\"Toggle\"><i class=\"icon-angle-down\" aria-hidden=\"true\"><\/i><\/button>\n\t\t\t<span>Die Wahl des richtigen W\u00e4rmebild Zielger\u00e4tes<\/span>\n\t\t<\/a>\n\t\t<div id=\"accordion-4019976760-content\" class=\"accordion-inner\" style=\"display: block;\" aria-labelledby=\"accordion-4019976760-label\">\n\t\t\t\n<h3>W\u00e4rmebild Vorsatzger\u00e4te wie die von <a href=\"https:\/\/www.hikmicrotech.com\/en\/product-c\/7\" target=\"_blank\" rel=\"noopener sponsored\">HIKMICRO<\/a> stellen heutzutage High End Pr\u00e4zisionsger\u00e4te modernster Bauart dar<\/h3>\n<p>Sie erf\u00fcllen umfassend die <strong>Bed\u00fcrfnisse von J\u00e4gern und Sch\u00fctzen<\/strong>, die h\u00f6chste Anspr\u00fcche an die Leistungsf\u00e4higkeit der Zielger\u00e4te stellen.<\/p>\n<p><strong>Dual-Use-Ger\u00e4te:<\/strong><br \/>\nDiese sind sowohl f\u00fcr den Einsatz per Hand als auch als Vorsatzger\u00e4t f\u00fcr eine Tageszieloptik auf einer Waffe geeignet. Sie werden beim Einsatz als Vorsatzger\u00e4te mit Hilfe eines Klemmadapters an einer Zieloptik &#8211; \u00fcblicherweise am Objektiv &#8211; befestigt. Klemmadapter werden sowohl von Anbietern von W\u00e4rmebildoptiken selbst als auch von diversen Herstellern angeboten. Nachteil: Klemml\u00f6sungen k\u00f6nnen zu Zielfehlern und so zu nicht beabsichtigtem Tierleid f\u00fchren.<\/p>\n<p><strong>W\u00e4rmebildzieloptiken \/ <a href=\"https:\/\/fbt.shop\/pulsar-nachtsicht-zielfernrohre\" target=\"_blank\" rel=\"noopener\">Nachtsichtzieloptiken<\/a>:<\/strong><br \/>\nDiese High End Ger\u00e4te werden als eigenst\u00e4ndige Zieloptik auf der Waffe montiert, sind extrem pr\u00e4zise und verf\u00fcgen \u00fcber eine eigenes, internes Absehen mit vielen Verstellm\u00f6glichkeiten.<\/p>\n\t\t<\/div>\n\t<\/div>\n\t\n\t<div id=\"accordion-1626661466\" class=\"accordion-item\">\n\t\t<a id=\"accordion-1626661466-label\" class=\"accordion-title plain\" href=\"#accordion-item-wesentliche-elemente-eines-w\u00e4rmebildger\u00e4tes\" aria-expanded=\"false\" aria-controls=\"accordion-1626661466-content\">\n\t\t\t<button class=\"toggle\" aria-label=\"Toggle\"><i class=\"icon-angle-down\" aria-hidden=\"true\"><\/i><\/button>\n\t\t\t<span>Wesentliche Elemente eines W\u00e4rmebildger\u00e4tes<\/span>\n\t\t<\/a>\n\t\t<div id=\"accordion-1626661466-content\" class=\"accordion-inner\" aria-labelledby=\"accordion-1626661466-label\">\n\t\t\t\n<p>Unter die wesentlichen Elemente einer W\u00e4rmbildoptik fallen:<\/p>\n<p>1. Die Objektivlinse (die Gr\u00f6\u00dfe bestimmt die Menge an W\u00e4rmestrahlung, die in das WB-Ger\u00e4t einf\u00e4llt uns so an den W\u00e4rmesensor gelangt)<\/p>\n<p>2. Der W\u00e4rmebild Sensor \/ Detektor (bestimmt \u00fcber seine Temperatursensibilit\u00e4t die Aufl\u00f6sung, gute Formate liegen bei 640 x 480 Pixel). Wichtig dabei ist die Leistung von unter 35 mk NETD-Empfindlichkeit (W\u00e4rmeempfindlichkeit des Sensors &#8211; umso kleiner, umso besser).<\/p>\n<p>3.\u00a0Die Qualit\u00e4t des OLED Bildschirms (beeinflusst die Bilddarstellung) &#8211; 1024\u00d7768 ist ein guter Standard heute.<\/p>\n\t\t<\/div>\n\t<\/div>\n\t\n\t<div id=\"accordion-2038981827\" class=\"accordion-item\">\n\t\t<a id=\"accordion-2038981827-label\" class=\"accordion-title plain\" href=\"#accordion-item-gesetzliche-regelungen-in-den-l\u00e4ndern\" aria-expanded=\"false\" aria-controls=\"accordion-2038981827-content\">\n\t\t\t<button class=\"toggle\" aria-label=\"Toggle\"><i class=\"icon-angle-down\" aria-hidden=\"true\"><\/i><\/button>\n\t\t\t<span>Gesetzliche Regelungen in den L\u00e4ndern<\/span>\n\t\t<\/a>\n\t\t<div id=\"accordion-2038981827-content\" class=\"accordion-inner\" aria-labelledby=\"accordion-2038981827-label\">\n\t\t\t\n<p>W\u00e4rmebildzieloptiken \/ Nachtsichtzieloptiken sind in verschiedenen L\u00e4ndern sogar als verbotene Artikel eingestuft! Sogar schon der Besitz ist verboten und strafbar. Beachtet Sie die jeweilig g\u00fcltige Rechtslage in Ihrem Land.<\/p>\n\t\t<\/div>\n\t<\/div>\n\t\n\t<div id=\"accordion-2324799879\" class=\"accordion-item\">\n\t\t<a id=\"accordion-2324799879-label\" class=\"accordion-title plain\" href=\"#accordion-item-die-schussfestigkeit-einer-wb-zieloptik\" aria-expanded=\"false\" aria-controls=\"accordion-2324799879-content\">\n\t\t\t<button class=\"toggle\" aria-label=\"Toggle\"><i class=\"icon-angle-down\" aria-hidden=\"true\"><\/i><\/button>\n\t\t\t<span>Die Schussfestigkeit einer WB Zieloptik<\/span>\n\t\t<\/a>\n\t\t<div id=\"accordion-2324799879-content\" class=\"accordion-inner\" aria-labelledby=\"accordion-2324799879-label\">\n\t\t\t\n<p>Ob eine WB Zieloptik ausreichend schussfest ist, ist mit eines der wichtiges Kriterium bei der Auswahl\u00a0&#8211; speziell f\u00fcr starke Kaliber.<\/p>\n<p>Bei der Schussabgabe wirken erhebliche Kr\u00e4fte auf das WB Zielfernrohr ein. <strong>Zielfernrohre bezeichnet man als schussfest<\/strong>, wenn sie diese Kr\u00e4fte aushalten, ohne dass sich am Geh\u00e4use, der Mechanik oder am Absehen\u00a0irgendwelche Ver\u00e4nderungen ergeben.<\/p>\n<p>Bei guten W\u00e4rmebildzieloptiken ist aufgrund des hohen Standards die <strong>Schussfestigkeit von Zieloptiken<\/strong>\u00a0garantiert.<\/p>\n<p>Genau so\u00a0<strong>wichtig wie die Schussfestigkeit von WB Zielfernrohren ist auch die Schussfestigkeit von Montagen<\/strong>.<\/p>\n\t\t<\/div>\n\t<\/div>\n\t\n<\/div>\n\t\t<\/div>\n\t\t\t\t\t<\/div>\n\n\t\n<\/div>\n\t\t<\/div>\n\n\t\t\n<style>\n#section_62103160 {\n  padding-top: 20px;\n  padding-bottom: 20px;\n}\n#section_62103160 .section-bg-overlay {\n  background-color: rgba(0, 0, 0, 0.459);\n}\n<\/style>\n\t<\/section>\n\t\n","protected":false},"excerpt":{"rendered":"","protected":false},"author":225,"featured_media":30147,"parent":0,"menu_order":0,"comment_status":"closed","ping_status":"closed","template":"page-left-sidebar.php","meta":{"inline_featured_image":false,"footnotes":""},"class_list":["post-30280","page","type-page","status-publish","has-post-thumbnail","hentry"],"_links":{"self":[{"href":"https:\/\/fbt.shop\/en\/wp-json\/wp\/v2\/pages\/30280","targetHints":{"allow":["GET"]}}],"collection":[{"href":"https:\/\/fbt.shop\/en\/wp-json\/wp\/v2\/pages"}],"about":[{"href":"https:\/\/fbt.shop\/en\/wp-json\/wp\/v2\/types\/page"}],"author":[{"embeddable":true,"href":"https:\/\/fbt.shop\/en\/wp-json\/wp\/v2\/users\/225"}],"replies":[{"embeddable":true,"href":"https:\/\/fbt.shop\/en\/wp-json\/wp\/v2\/comments?post=30280"}],"version-history":[{"count":0,"href":"https:\/\/fbt.shop\/en\/wp-json\/wp\/v2\/pages\/30280\/revisions"}],"wp:featuredmedia":[{"embeddable":true,"href":"https:\/\/fbt.shop\/en\/wp-json\/wp\/v2\/media\/30147"}],"wp:attachment":[{"href":"https:\/\/fbt.shop\/en\/wp-json\/wp\/v2\/media?parent=30280"}],"curies":[{"name":"wp","href":"https:\/\/api.w.org\/{rel}","templated":true}]}}