{"id":43051,"date":"2025-08-14T09:00:17","date_gmt":"2025-08-14T07:00:17","guid":{"rendered":"https:\/\/fbt.shop\/?page_id=43051"},"modified":"2025-12-16T13:16:36","modified_gmt":"2025-12-16T12:16:36","slug":"manuals","status":"publish","type":"page","link":"https:\/\/fbt.shop\/en\/manuals\/","title":{"rendered":"Manuals"},"content":{"rendered":"<div class=\"banner has-hover\" id=\"banner-1010918250\">\n          <div class=\"banner-inner fill\">\n        <div class=\"banner-bg fill\" >\n            <img decoding=\"async\" width=\"1200\" height=\"800\" src=\"https:\/\/fbt.shop\/wp-content\/uploads\/2021\/08\/Carbon-Schaefte-Waffen.jpg\" class=\"bg attachment-orginal size-orginal\" alt=\"FBT carbon fibre gun models\" title=\"\">                        <div class=\"overlay\"><\/div>            \n                    <\/div>\n\t\t\n        <div class=\"banner-layers container\">\n            <div class=\"fill banner-link\"><\/div>            \n   <div id=\"text-box-1700700443\" class=\"text-box banner-layer x50 md-x50 lg-x50 y50 md-y50 lg-y50 res-text\">\n                                <div class=\"text-box-content text dark\">\n              \n              <div class=\"text-inner text-center\">\n                  \n\t<div id=\"text-4187898565\" class=\"text\">\n\t\t\n<h1>PRODUCT MANUALS<\/h1>\n\t\t\n<style>\n#text-4187898565 {\n  font-size: 0.75rem;\n}\n@media (min-width:550px) {\n  #text-4187898565 {\n    font-size: 1rem;\n  }\n}\n<\/style>\n\t<\/div>\n\t\n              <\/div>\n           <\/div>\n                            \n<style>\n#text-box-1700700443 {\n  width: 100%;\n}\n#text-box-1700700443 .text-box-content {\n  font-size: 100%;\n}\n@media (min-width:550px) {\n  #text-box-1700700443 {\n    width: 82%;\n  }\n}\n<\/style>\n    <\/div>\n \n        <\/div>\n      <\/div>\n\n            \n<style>\n#banner-1010918250 {\n  padding-top: 130px;\n}\n#banner-1010918250 .overlay {\n  background-color: rgba(0, 0, 0, 0.17);\n}\n#banner-1010918250 .banner-bg img {\n  object-position: 54% 70%;\n}\n@media (min-width:550px) {\n  #banner-1010918250 {\n    padding-top: 190px;\n  }\n}\n@media (min-width:850px) {\n  #banner-1010918250 {\n    padding-top: 210px;\n  }\n}\n<\/style>\n  <\/div>\n\n\n\n\t<section class=\"section\" id=\"section_1214966304\">\n\t\t<div class=\"section-bg fill\" >\n\t\t\t\t\t\t\t\t\t<div class=\"section-bg-overlay absolute fill\"><\/div>\n\t\t\t\n\n\t\t<\/div>\n\n\t\t\n\n\t\t<div class=\"section-content relative\">\n\t\t\t\n\t<div id=\"gap-1001764119\" class=\"gap-element clearfix\" style=\"display:block; height:auto;\">\n\t\t\n<style>\n#gap-1001764119 {\n  padding-top: 30px;\n}\n<\/style>\n\t<\/div>\n\t\n<div class=\"row\"  id=\"row-2002644835\">\n\n\t<div id=\"col-874234142\" class=\"col medium-6 small-12 large-12\"  >\n\t\t\t\t<div class=\"col-inner text-center box-shadow-2\"  >\n\t\t\t\n\t\t\t\n<div class=\"row row-collapse\"  id=\"row-1570238976\">\n\n\t<div id=\"col-71255372\" class=\"col small-12 large-12\"  >\n\t\t\t\t<div class=\"col-inner text-center dark\" style=\"background-color:rgb(136, 136, 136);\" >\n\t\t\t\n\t<div class=\"is-border\"\n\t\tstyle=\"border-color:rgb(255, 255, 255);border-width:0px 0px 10px 0px;\">\n\t<\/div>\n\t\t\t\n<h1>Operating instructions for FBT products<br \/>\nInstruction manuals for FBT products<\/h1>\n\t\t<\/div>\n\t\t\t\t\n<style>\n#col-71255372 > .col-inner {\n  padding: 30px 0px 30px 0px;\n  border-radius: 10px;\n}\n<\/style>\n\t<\/div>\n\n\t\n<\/div>\n<div class=\"is-divider divider clearfix\" ><\/div>\n<div class=\"row\"  id=\"row-129193827\">\n\n\t<div id=\"col-954519827\" class=\"col medium-5 small-12 large-5\"  >\n\t\t\t\t<div class=\"col-inner text-center\"  >\n\t\t\t\n\t\t\t\n<a href=\"https:\/\/fbt.shop\/wp-content\/uploads\/2025\/08\/Instruction-manual_INCA_English.pdf\" class=\"button primary expand\" style=\"border-radius:8px;\">\n\t\t<span>Instruction manual INCA Suppressor<\/span>\n\t<\/a>\n\n<a href=\"https:\/\/fbt.shop\/en\/manuals\/inca-silenciadores-armas-manual\/\" class=\"button primary expand\" style=\"border-radius:8px;\">\n\t\t<span>INCA Rifle silenciadores | Manual T\u00e9cnico<\/span>\n\t<\/a>\n\n<a href=\"https:\/\/fbt.shop\/en\/manuals\/inca-silencers-manual-gun\/\" class=\"button primary expand\" style=\"border-radius:8px;\">\n\t\t<span>INCA Gun Suppressor | Technical Manual<\/span>\n\t<\/a>\n\n<a href=\"https:\/\/fbt.shop\/en\/manuals\/inca-sound-absorber-operating-instructions\/\" class=\"button primary expand\" style=\"border-radius:8px;\">\n\t\t<span>INCA Weapons Silencer | Technical Manual<\/span>\n\t<\/a>\n\n\t\t<\/div>\n\t\t\t\t\t<\/div>\n\n\t\n\n\t<div id=\"col-505533162\" class=\"col medium-5 small-12 large-5\"  >\n\t\t\t\t<div class=\"col-inner\"  >\n\t\t\t\n\t\t\t\n<a href=\"https:\/\/fbt.shop\/wp-content\/uploads\/2025\/08\/Anleitung_INCA_Deutsch-neu.pdf\" class=\"button primary expand\" style=\"border-radius:8px;\">\n\t\t<span>Operating instructions INCA silencer<\/span>\n\t<\/a>\n\n<a href=\"https:\/\/fbt.shop\/en\/manuals\/inca-silencieux-manual-technique\/\" class=\"button primary expand\" style=\"border-radius:8px;\">\n\t\t<span>INCA Arme Silencieux | Manuel technique<\/span>\n\t<\/a>\n\n<a href=\"https:\/\/fbt.shop\/en\/manuals\/inca-ljuddaemparsystem-teknisk-handbok\/\" class=\"button primary expand\" style=\"border-radius:8px;\">\n\t\t<span>INCA Ljudd\u00e4mparsystem | Teknisk handbok<\/span>\n\t<\/a>\n\n<a href=\"https:\/\/fbt.shop\/en\/manuals\/inca-hangtompito-muszaki-kezikoenyv\/\" class=\"button primary expand\" style=\"border-radius:8px;\">\n\t\t<span>INCA Fegyver hangtomp\u00edt\u00f3 | M\u0171szaki K\u00e9zik\u00f6nyv<\/span>\n\t<\/a>\n\n\t\t<\/div>\n\t\t\t\t\t<\/div>\n\n\t\n<\/div>\n\t\t<\/div>\n\t\t\t\t\n<style>\n#col-874234142 > .col-inner {\n  border-radius: 10px;\n}\n<\/style>\n\t<\/div>\n\n\t\n<\/div>\n\t\t<\/div>\n\n\t\t\n<style>\n#section_1214966304 {\n  padding-top: 30px;\n  padding-bottom: 30px;\n}\n#section_1214966304 .section-bg-overlay {\n  background-color: rgba(255, 255, 255, 0.401);\n}\n<\/style>\n\t<\/section>","protected":false},"excerpt":{"rendered":"","protected":false},"author":225,"featured_media":39456,"parent":0,"menu_order":0,"comment_status":"closed","ping_status":"closed","template":"page-blank.php","meta":{"inline_featured_image":false,"footnotes":""},"class_list":["post-43051","page","type-page","status-publish","has-post-thumbnail","hentry"],"_links":{"self":[{"href":"https:\/\/fbt.shop\/en\/wp-json\/wp\/v2\/pages\/43051","targetHints":{"allow":["GET"]}}],"collection":[{"href":"https:\/\/fbt.shop\/en\/wp-json\/wp\/v2\/pages"}],"about":[{"href":"https:\/\/fbt.shop\/en\/wp-json\/wp\/v2\/types\/page"}],"author":[{"embeddable":true,"href":"https:\/\/fbt.shop\/en\/wp-json\/wp\/v2\/users\/225"}],"replies":[{"embeddable":true,"href":"https:\/\/fbt.shop\/en\/wp-json\/wp\/v2\/comments?post=43051"}],"version-history":[{"count":0,"href":"https:\/\/fbt.shop\/en\/wp-json\/wp\/v2\/pages\/43051\/revisions"}],"wp:featuredmedia":[{"embeddable":true,"href":"https:\/\/fbt.shop\/en\/wp-json\/wp\/v2\/media\/39456"}],"wp:attachment":[{"href":"https:\/\/fbt.shop\/en\/wp-json\/wp\/v2\/media?parent=43051"}],"curies":[{"name":"wp","href":"https:\/\/api.w.org\/{rel}","templated":true}]}}