{"id":5121,"date":"2014-07-27T14:18:04","date_gmt":"2014-07-27T12:18:04","guid":{"rendered":"http:\/\/lebenspuls.com\/?page_id=5121"},"modified":"2023-08-15T00:42:32","modified_gmt":"2023-08-14T22:42:32","slug":"cancellation-policy","status":"publish","type":"page","link":"https:\/\/fbt.shop\/en\/widerrufsbestimmungen\/","title":{"rendered":"Cancellation provisions"},"content":{"rendered":"<p>Cancellation policy for online shop end customers (consumers). You have the right to cancel your order within fourteen days without giving any reason.<\/p>\n<p>The cancellation period begins after receipt of the cancellation notice in text form, but not before receipt of the goods by the recipient (in the case of recurring deliveries of similar goods, not before receipt of the first partial delivery).<\/p>\n<p>To exercise your right of cancellation, you must send us<\/p>\n<p>FBT Fine Ballistic Tools GmbH<br \/>\nBusiness park 1167<br \/>\n8962 Gr\u00f6bming<br \/>\nAustria<br \/>\ninfo@fbt.shop<\/p>\n<p>by means of a clear statement (e.g. a letter sent by post, e-mail or telephone call) of your decision to cancel the order or - if the goods are delivered to you before the deadline - also by returning the goods. You can use our <a title=\"Download order cancellation template\" href=\"https:\/\/fbt.shop\/wp-content\/uploads\/2022\/07\/FBT-Widerruf_compressed-1.pdf\">Sample cancellation form <\/a>but this is not mandatory. You can also use the cancellation form on our website (<a href=\"https:\/\/fbt.shop\/en\/cancellation-policy\/\">https:\/\/fbt.shop\/widerrufsbestimmungen<\/a>) electronically and send it to us. If you make use of this option, we will immediately send you a confirmation of receipt of such a cancellation (e.g. by e-mail). In order to comply with the cancellation period, it is sufficient for you to send the notification of the exercise of the right of cancellation before the expiry of the cancellation period.<\/p>\n<p><a title=\"Online form for cancelling the order\" href=\"https:\/\/fbt.shop\/en\/cancellation-of-order\/\">\" To the online cancellation form<\/a><\/p>\n<p><a title=\"Download order cancellation template\" href=\"https:\/\/fbt.shop\/wp-content\/uploads\/2022\/07\/FBT-Widerruf_compressed-1.pdf\" target=\"_blank\" rel=\"noopener noreferrer\">\" Download the \"Order cancellation\" form (.pdf)<\/a><\/p>\n<h3>Product groups excluded from the right of cancellation<\/h3>\n<p>Products customised for the customer.<\/p>\n<h3>Consequences of cancellation<\/h3>\n<p>If you cancel the order, we shall reimburse to you all payments received from you, including the costs of delivery (with the exception of the supplementary costs resulting from your choice of a type of delivery other than the least expensive type of standard delivery offered by us), without undue delay and in any event not later than 14 days from the day on which we are informed about your decision to cancel this contract. For this repayment, we will use the same means of payment that you used for the original transaction, unless expressly agreed otherwise with you; any transaction costs will be borne by the customer. We may refuse the refund until we have received the goods back.<\/p>\n<h3>Return of the goods<\/h3>\n<p>You must return the goods immediately and in any case no later than fourteen days after receipt of the cancellation policy or after receipt of the goods to<\/p>\n<p>FBT Fine Ballistic Tools GmbH<br \/>\nBusiness park 1167<br \/>\n8962 Gr\u00f6bming<br \/>\nAustria<br \/>\ninfo@fbt.shop<\/p>\n<p>to return or hand over the goods. The deadline is met if you dispatch the goods before the period of fourteen days has expired. You bear the direct costs of returning the goods. Please note: Goods returned carriage forward will not be accepted. You are only liable for any diminished value of the goods resulting from handling other than what is necessary to establish the nature, characteristics and functioning of the goods.<\/p>","protected":false},"excerpt":{"rendered":"<p>Widerrufsbestimmungen f\u00fcr Online Shop Endkunden (Verbraucher). Sie haben das Recht, binnen vierzehn Tagen ohne Angabe von Gr\u00fcnden die Bestellung zu widerrufen. Die Widerrufsfrist beginnt nach Erhalt der R\u00fccktrittsmeldung in Textform, jedoch nicht vor Eingang der Ware beim Empf\u00e4nger (bei wiederkehrenden Lieferungen gleichartiger Waren nicht vor Eingang der ersten Teillieferung). Um Ihr Widerrufsrecht auszu\u00fcben, m\u00fcssen Sie [&#8230;]\n","protected":false},"author":1,"featured_media":25400,"parent":0,"menu_order":0,"comment_status":"closed","ping_status":"open","template":"page-blank-title-center.php","meta":{"inline_featured_image":false,"footnotes":""},"class_list":["post-5121","page","type-page","status-publish","has-post-thumbnail","hentry"],"_links":{"self":[{"href":"https:\/\/fbt.shop\/en\/wp-json\/wp\/v2\/pages\/5121","targetHints":{"allow":["GET"]}}],"collection":[{"href":"https:\/\/fbt.shop\/en\/wp-json\/wp\/v2\/pages"}],"about":[{"href":"https:\/\/fbt.shop\/en\/wp-json\/wp\/v2\/types\/page"}],"author":[{"embeddable":true,"href":"https:\/\/fbt.shop\/en\/wp-json\/wp\/v2\/users\/1"}],"replies":[{"embeddable":true,"href":"https:\/\/fbt.shop\/en\/wp-json\/wp\/v2\/comments?post=5121"}],"version-history":[{"count":0,"href":"https:\/\/fbt.shop\/en\/wp-json\/wp\/v2\/pages\/5121\/revisions"}],"wp:featuredmedia":[{"embeddable":true,"href":"https:\/\/fbt.shop\/en\/wp-json\/wp\/v2\/media\/25400"}],"wp:attachment":[{"href":"https:\/\/fbt.shop\/en\/wp-json\/wp\/v2\/media?parent=5121"}],"curies":[{"name":"wp","href":"https:\/\/api.w.org\/{rel}","templated":true}]}}