{"id":8352,"date":"2016-09-11T18:03:58","date_gmt":"2016-09-11T16:03:58","guid":{"rendered":"https:\/\/beta.lebenspuls.com\/?page_id=8352"},"modified":"2025-04-18T10:41:33","modified_gmt":"2025-04-18T08:41:33","slug":"contact","status":"publish","type":"page","link":"https:\/\/fbt.shop\/en\/kontakt\/","title":{"rendered":"Contact us"},"content":{"rendered":"\n\t<script type=\"text\/javascript\">\n  jQuery( document ).ready(function() {\n    function initialize() {\n        var styles = {\n            'flatsome':  [{\n            \"featureType\": \"administrative\",\n            \"stylers\": [\n              { \"visibility\": \"on\" }\n            ]\n          },\n          {\n            \"featureType\": \"road\",\n            \"stylers\": [\n              { \"visibility\": \"on\" },\n              { \"hue\": \"#58728a\" }\n            ]\n          },\n          {\n            \"stylers\": [\n\t\t\t  { \"visibility\": \"on\" },\n\t\t\t  { \"hue\": \"#58728a\" },\n\t\t\t  { \"saturation\": -30 }\n            ]\n          }\n        ]};\n\n        var myLatlng = new google.maps.LatLng(47.453954, 13.914169);\n        var myOptions = {\n            zoom: 17,\n            center: myLatlng,\n            mapTypeId: google.maps.MapTypeId.ROADMAP,\n            disableDefaultUI: true,\n            mapTypeId: 'flatsome',\n            draggable: true,\n            zoomControl: false,\n            zoomControlOptions: {\n              position: google.maps.ControlPosition.TOP_LEFT\n            },\n      \t\t\tmapTypeControl: false,\n            mapTypeControlOptions: {\n              position: google.maps.ControlPosition.TOP_LEFT\n            },\n      \t\t\tstreetViewControl: false,\n            streetViewControlOptions: {\n              position: google.maps.ControlPosition.TOP_LEFT\n            },\n            scrollwheel: false,\n            disableDoubleClickZoom: true\n        }\n        var map = new google.maps.Map(document.getElementById(\"map-3823179376-inner\"), myOptions);\n        var styledMapType = new google.maps.StyledMapType(styles['flatsome'], {name: 'flatsome'});\n        map.mapTypes.set('flatsome', styledMapType);\n\n        var marker = new google.maps.Marker({\n            position: myLatlng,\n            map: map,\n            title:\"\"\n        });\n    }\n\n    \/\/ Required to proceed\n    if (!(typeof google === 'object' && typeof google.maps === 'object')) {\n      return\n    }\n\n    initialize()\n    google.maps.event.addDomListener(window, 'resize', initialize);\n    });\n    <\/script>\n\n    <div class=\"google-map relative mb\" id=\"map-3823179376\">\n        <div class=\"map-height\" id=\"map-3823179376-inner\"><\/div>\n        <div id=\"map_overlay_top\"><\/div>\n        <div id=\"map_overlay_bottom\"><\/div>\n                  <div class=\"map_inner map-inner last-reset absolute x95 md-x95 lg-x95 y95 md-y95 lg-y95\">\n              \n<h1><span style=\"font-size: 90%;\">FBT Fine Ballistic Tools GmbH<\/span><br \/><span style=\"font-size: 90%;\">Gewerbepark 1167<\/span><br \/><span style=\"font-size: 90%;\">8962 Gr\u00f6bming, \u00d6STERREICH<\/span><\/h1>\n<p>\ud83d\udcde HOTLINE: <a href=\"tel:+436764817980\">+43 (0)676 4817980<\/a><br \/>Mo &#8211; Fr von 10 &#8211; 17 Uhr<br \/>E-Mail: <a href=\"mailto:info@fbt.shop\">info(at) fbt.shop<\/a><\/p>\n<p><strong>Onlineshop und Schie\u00dfstand: 24 Stunden, t\u00e4glich (24\/7)<\/strong><\/p>\n         <\/div>\n       \n       \n<style>\n#map-3823179376 .map-inner {\n  background-color: #fff;\n  max-width: 30%;\n}\n#map-3823179376 .map-height {\n  height: 400px;\n}\n<\/style>\n    <\/div>\n\n\t\n<div class=\"row\"  id=\"row-263233352\">\n\n\t<div id=\"col-1942980079\" class=\"col medium-6 large-6\"  >\n\t\t\t\t<div class=\"col-inner\"  >\n\t\t\t\n\t\t\t\n<div class=\"container section-title-container\" ><h3 class=\"section-title section-title-normal\"><b aria-hidden=\"true\"><\/b><span class=\"section-title-main\" >H\u00e4ufig gestellte Fragen<\/span><b aria-hidden=\"true\"><\/b><\/h3><\/div>\n<p class=\"lead\">Schnelle Hilfe ohne E-Mail und Telefon<\/p>\n<h3 class=\"accordion_title\">ZUM ONLINESHOP<\/h3><div class=\"accordion\">\n\n\t<div id=\"accordion-3303495220\" class=\"accordion-item\">\n\t\t<a id=\"accordion-3303495220-label\" class=\"accordion-title plain\" href=\"#accordion-item-wie-hoch-sind-die-versandkosten-bei-bestellungen-im-onlineshop?\" aria-expanded=\"false\" aria-controls=\"accordion-3303495220-content\">\n\t\t\t<button class=\"toggle\" aria-label=\"Toggle\"><i class=\"icon-angle-down\" aria-hidden=\"true\"><\/i><\/button>\n\t\t\t<span>Wie hoch sind die Versandkosten bei Bestellungen im Onlineshop?<\/span>\n\t\t<\/a>\n\t\t<div id=\"accordion-3303495220-content\" class=\"accordion-inner\" aria-labelledby=\"accordion-3303495220-label\">\n\t\t\t\n\n<p>Detailierte Informationen zum Versand finden Sie auf unserer Seite <a title=\"Versandkosten\" href=\"\/versandkosten\">Versandkosten<\/a>.<\/p>\n\n\t\t<\/div>\n\t<\/div>\n\t\n\t<div id=\"accordion-513831505\" class=\"accordion-item\">\n\t\t<a id=\"accordion-513831505-label\" class=\"accordion-title plain\" href=\"#accordion-item-welche-zahlungsarten-werden-im-onlineshop-angeboten?\" aria-expanded=\"false\" aria-controls=\"accordion-513831505-content\">\n\t\t\t<button class=\"toggle\" aria-label=\"Toggle\"><i class=\"icon-angle-down\" aria-hidden=\"true\"><\/i><\/button>\n\t\t\t<span>Welche Zahlungsarten werden im Onlineshop angeboten?<\/span>\n\t\t<\/a>\n\t\t<div id=\"accordion-513831505-content\" class=\"accordion-inner\" aria-labelledby=\"accordion-513831505-label\">\n\t\t\t\n\n<p>Detaillierte Informationen zur Zahlung finden Sie auf unserer Seite <a title=\"So bezahlen Sie im Onlineshop\" href=\"\/zahlungsarten\">Zahlungsarten<\/a>. Wir bieten mehrere bekannte Zahlungsvarianten an um dem Kunden die jeweils einfachste und bequemste Zahlungsweise zu erm\u00f6glichen.<\/p>\n\n\t\t<\/div>\n\t<\/div>\n\t\n\t<div id=\"accordion-1613411301\" class=\"accordion-item\">\n\t\t<a id=\"accordion-1613411301-label\" class=\"accordion-title plain\" href=\"#accordion-item-kann-ich-als-unternehmen-mit-uid-eine-innergemeinschaftliche-lieferung-bestellen?\" aria-expanded=\"false\" aria-controls=\"accordion-1613411301-content\">\n\t\t\t<button class=\"toggle\" aria-label=\"Toggle\"><i class=\"icon-angle-down\" aria-hidden=\"true\"><\/i><\/button>\n\t\t\t<span>Kann ich als Unternehmen mit UID eine innergemeinschaftliche Lieferung bestellen?<\/span>\n\t\t<\/a>\n\t\t<div id=\"accordion-1613411301-content\" class=\"accordion-inner\" aria-labelledby=\"accordion-1613411301-label\">\n\t\t\t\n\n<p>Ja das ist m\u00f6glich. Geben auf der Kassaseite gemeinsam mit Ihren Rechnungs- und Lieferdaten auch Ihre UID-Nummer (Umsatzsteueridentifikationsnummer) ein. Die Pr\u00fcfung Ihrer UID-Nummer erfolgt live. Sobald \u00fcberpr\u00fcft wird Ihre Bestellung best\u00e4tigt und Sie erhalten Ihre Bestellbest\u00e4tigung bereits mit ber\u00fccksichtigter UID-Nummer. Bitte beachten Sie das eine umsatzsteuerbefreite innergemeinschaftliche Lieferung nur mit g\u00fcltiger UID-Nummer und ausschlie\u00dflich ins EU-Ausland, ausserhalb von \u00d6sterreich, m\u00f6glich ist.<\/p>\n\n\t\t<\/div>\n\t<\/div>\n\t\n\t<div id=\"accordion-2694200989\" class=\"accordion-item\">\n\t\t<a id=\"accordion-2694200989-label\" class=\"accordion-title plain\" href=\"#accordion-item-wie-lange-dauert-die-lieferung?\" aria-expanded=\"false\" aria-controls=\"accordion-2694200989-content\">\n\t\t\t<button class=\"toggle\" aria-label=\"Toggle\"><i class=\"icon-angle-down\" aria-hidden=\"true\"><\/i><\/button>\n\t\t\t<span>Wie lange dauert die Lieferung?<\/span>\n\t\t<\/a>\n\t\t<div id=\"accordion-2694200989-content\" class=\"accordion-inner\" aria-labelledby=\"accordion-2694200989-label\">\n\t\t\t\n\n<p>Wir versenden t\u00e4glich, mit Ausnahme von Feiertagen.\u00a0Die durchschnittliche Lieferzeit nach der Paket\u00fcbergabe an den Paketdienstleister betr\u00e4gt innerhalb von \u00d6sterreich 24 Stunden und Deutschland 48 Stunden. Alle anderen L\u00e4nder der EU innerhalb weniger Tage.<\/p>\n\n\t\t<\/div>\n\t<\/div>\n\t\n\t<div id=\"accordion-3363683428\" class=\"accordion-item\">\n\t\t<a id=\"accordion-3363683428-label\" class=\"accordion-title plain\" href=\"#accordion-item-kann-ich-die-bestellten-waren-im-gesch\u00e4ft-abholen?\" aria-expanded=\"false\" aria-controls=\"accordion-3363683428-content\">\n\t\t\t<button class=\"toggle\" aria-label=\"Toggle\"><i class=\"icon-angle-down\" aria-hidden=\"true\"><\/i><\/button>\n\t\t\t<span>Kann ich die bestellten Waren im Gesch\u00e4ft abholen?<\/span>\n\t\t<\/a>\n\t\t<div id=\"accordion-3363683428-content\" class=\"accordion-inner\" aria-labelledby=\"accordion-3363683428-label\">\n\t\t\t\n\n<p>fbt.shop ist ein reiner Onlineshop und verf\u00fcgt \u00fcber ein zus\u00e4tzliches Einkaufsgesch\u00e4ft im Headquarter mit \u00d6ffnungszeiten: FBT Fine Ballistic Tools GmbH, Gewerbepark 1167, 8962 Gr\u00f6bming, \u00d6sterreich.<br \/>Sie bestimmen den Zeitpunkt zu dem Sie bequem in unserem Onlineshop einkaufen wollen, t\u00e4glich - 24 h.<\/p>\n\n\t\t<\/div>\n\t<\/div>\n\t\n\t<div id=\"accordion-2881860966\" class=\"accordion-item\">\n\t\t<a id=\"accordion-2881860966-label\" class=\"accordion-title plain\" href=\"#accordion-item-was-geschieht-nach-dem-abschluss-meiner-bestellung?\" aria-expanded=\"false\" aria-controls=\"accordion-2881860966-content\">\n\t\t\t<button class=\"toggle\" aria-label=\"Toggle\"><i class=\"icon-angle-down\" aria-hidden=\"true\"><\/i><\/button>\n\t\t\t<span>Was geschieht nach dem Abschluss meiner Bestellung?<\/span>\n\t\t<\/a>\n\t\t<div id=\"accordion-2881860966-content\" class=\"accordion-inner\" aria-labelledby=\"accordion-2881860966-label\">\n\t\t\t\n\n<p>Sie schlie\u00dfen Ihre Bestellung mit dem Klicken auf \"Kaufen\" ab. Nach dem Abschluss erhalten Sie umgehend eine Bestelleingangsbest\u00e4tigung per E-Mail. Darin aufgelistet sind die bestellten Produkte, alle anfallenden Kosten sowie die Rechnungsadresse und Lieferadresse.<\/p>\n<p>Je nach gew\u00e4hlter Zahlungsweise versenden wir Ihre Bestellung bereits am folgenden Werktag bzw. nach dem Eingang Ihrer Vorauszahlung.<\/p>\n\n\t\t<\/div>\n\t<\/div>\n\t\n\t<div id=\"accordion-3510427097\" class=\"accordion-item\">\n\t\t<a id=\"accordion-3510427097-label\" class=\"accordion-title plain\" href=\"#accordion-item-wie-erhalte-ich-die-rechnung?\" aria-expanded=\"false\" aria-controls=\"accordion-3510427097-content\">\n\t\t\t<button class=\"toggle\" aria-label=\"Toggle\"><i class=\"icon-angle-down\" aria-hidden=\"true\"><\/i><\/button>\n\t\t\t<span>Wie erhalte ich die Rechnung?<\/span>\n\t\t<\/a>\n\t\t<div id=\"accordion-3510427097-content\" class=\"accordion-inner\" aria-labelledby=\"accordion-3510427097-label\">\n\t\t\t\n\n<p>Die Rechnung erhalten Sie nach Versand der Ware als PDF-Datei per E-Mail.\u00a0Dem Paket selbst liegt ein Lieferschein bei.<\/p>\n\n\t\t<\/div>\n\t<\/div>\n\t\n\t<div id=\"accordion-1614060731\" class=\"accordion-item\">\n\t\t<a id=\"accordion-1614060731-label\" class=\"accordion-title plain\" href=\"#accordion-item-ihre-bestellung-ist-ein-geschenk-mit-direktem-versand?\" aria-expanded=\"false\" aria-controls=\"accordion-1614060731-content\">\n\t\t\t<button class=\"toggle\" aria-label=\"Toggle\"><i class=\"icon-angle-down\" aria-hidden=\"true\"><\/i><\/button>\n\t\t\t<span>Ihre Bestellung ist ein Geschenk mit direktem Versand?<\/span>\n\t\t<\/a>\n\t\t<div id=\"accordion-1614060731-content\" class=\"accordion-inner\" aria-labelledby=\"accordion-1614060731-label\">\n\t\t\t\n\n<p>Bitte geben Sie bei Ihrer Bestellung zus\u00e4tzlich die abweichende Lieferadresse an. Zus\u00e4tzlich haben Sie die M\u00f6glichkeit dem Geschenk ein pers\u00f6nliches Kommentar mitzugeben, beispielsweise ein Dankesch\u00f6n oder einen Gl\u00fcckwunschgru\u00df. Nutzen Sie hierf\u00fcr das Kommentarfeld auf der Kassa-Seite. Diesen Gru\u00df drucken wir mit auf den Lieferschein welcher dem Paket immer beiliegt. Die Rechnung selbst erhalten Sie per E-Mail.<\/p>\n\n\t\t<\/div>\n\t<\/div>\n\t\n\t<div id=\"accordion-1576573099\" class=\"accordion-item\">\n\t\t<a id=\"accordion-1576573099-label\" class=\"accordion-title plain\" href=\"#accordion-item-wie-sicher-ist-der-einkauf-im-onlineshop?\" aria-expanded=\"false\" aria-controls=\"accordion-1576573099-content\">\n\t\t\t<button class=\"toggle\" aria-label=\"Toggle\"><i class=\"icon-angle-down\" aria-hidden=\"true\"><\/i><\/button>\n\t\t\t<span>Wie sicher ist der Einkauf im Onlineshop?<\/span>\n\t\t<\/a>\n\t\t<div id=\"accordion-1576573099-content\" class=\"accordion-inner\" aria-labelledby=\"accordion-1576573099-label\">\n\t\t\t\n\n<p><a href=\"https:\/\/pci.usd.de\/compliance\/4822-8BDE-7BD5-A298-4805-4BD6\/details_de.html\" target=\"_blank\" rel=\"noopener noreferrer\"><img decoding=\"async\" style=\"margin-left: 20px;\" src=\"https:\/\/pci.usd.de\/compliance\/4822-8BDE-7BD5-A298-4805-4BD6\/seal_ctv_80.png\" alt=\"\" align=\"right\" title=\"\"><\/a>Der gesamte Onlineshop ist End-zu-End verschl\u00fcsselt. Wir nutzen daf\u00fcr eine sehr sichere 2048-Bit-Verschl\u00fcsselung (TLS_AES_256_GCM_SHA384, 256-Bit-Schl\u00fcssel, TLS 1.3).<\/p>\n<p>Sensible Daten wie z.B. Kreditkartennummern werden grunds\u00e4tzlich nicht gespeichert. Daher ist auch eine Beauskunftung mittels rechtlicher Mittel nicht m\u00f6glich; jegliche Rechts-Anfrage leiten wir an das entsprechende f\u00fcr die Zahlung ausgew\u00e4hlte Finanzunternehmen weiter.<\/p>\n<p>Der Onlineshop wurde in Hinblick auf Sicherheit und Datenschutz \u00fcberpr\u00fcft und mit dem PCI DSS Compliant Siegel zertifiziert.<\/p>\n\n\t\t<\/div>\n\t<\/div>\n\t\n\n<\/div>\n\t\t<\/div>\n\t\t\t\t\t<\/div>\n\n\t\n\n\t<div id=\"col-441338837\" class=\"col medium-6 large-6\"  >\n\t\t\t\t<div class=\"col-inner\"  >\n\t\t\t\n\t\t\t\n<div class=\"container section-title-container\" ><h3 class=\"section-title section-title-normal\"><b aria-hidden=\"true\"><\/b><span class=\"section-title-main\" >Schreiben Sie uns<\/span><b aria-hidden=\"true\"><\/b><\/h3><\/div>\n\n<div class=\"wpcf7 no-js\" id=\"wpcf7-f8535-o1\" lang=\"de-DE\" dir=\"ltr\" data-wpcf7-id=\"8535\">\n<div class=\"screen-reader-response\"><p role=\"status\" aria-live=\"polite\" aria-atomic=\"true\"><\/p> <ul><\/ul><\/div>\n<form action=\"\/en\/wp-json\/wp\/v2\/pages\/8352#wpcf7-f8535-o1\" method=\"post\" class=\"wpcf7-form init\" aria-label=\"Kontaktformular\" novalidate=\"novalidate\" data-status=\"init\">\n<fieldset class=\"hidden-fields-container\"><input type=\"hidden\" name=\"_wpcf7\" value=\"8535\" \/><input type=\"hidden\" name=\"_wpcf7_version\" value=\"6.1.5\" \/><input type=\"hidden\" name=\"_wpcf7_locale\" value=\"de_DE\" \/><input type=\"hidden\" name=\"_wpcf7_unit_tag\" value=\"wpcf7-f8535-o1\" \/><input type=\"hidden\" name=\"_wpcf7_container_post\" value=\"0\" \/><input type=\"hidden\" name=\"_wpcf7_posted_data_hash\" value=\"\" \/>\n<\/fieldset>\n<p><span class=\"wpcf7-form-control-wrap\" data-name=\"name5688\"><input size=\"40\" maxlength=\"400\" class=\"wpcf7-form-control wpcf7-text wpcf7-validates-as-required\" aria-required=\"true\" aria-invalid=\"false\" placeholder=\"Vor- \/ Nachname*\" value=\"\" type=\"text\" name=\"name5688\" \/><\/span>\n<\/p>\n<p><span class=\"wpcf7-form-control-wrap\" data-name=\"email5688\"><input size=\"40\" maxlength=\"400\" class=\"wpcf7-form-control wpcf7-email wpcf7-validates-as-required wpcf7-text wpcf7-validates-as-email\" aria-required=\"true\" aria-invalid=\"false\" placeholder=\"@E-Mail-Adresse*\" value=\"\" type=\"email\" name=\"email5688\" \/><\/span>\n<\/p>\n<p><span class=\"wpcf7-form-control-wrap\" data-name=\"telefon5688\"><input size=\"40\" maxlength=\"400\" class=\"wpcf7-form-control wpcf7-text\" aria-invalid=\"false\" placeholder=\"Vorwahl Rufnummer\" value=\"\" type=\"text\" name=\"telefon5688\" \/><\/span>\n<\/p>\n<p><span class=\"wpcf7-form-control-wrap\" data-name=\"homepage5688\"><input size=\"40\" maxlength=\"400\" class=\"wpcf7-form-control wpcf7-text\" aria-invalid=\"false\" placeholder=\"Homepage\" value=\"\" type=\"text\" name=\"homepage5688\" \/><\/span>\n<\/p>\n<p><span class=\"wpcf7-form-control-wrap\" data-name=\"nachricht5688\"><textarea cols=\"40\" rows=\"4\" maxlength=\"2000\" class=\"wpcf7-form-control wpcf7-textarea wpcf7-validates-as-required\" aria-required=\"true\" aria-invalid=\"false\" placeholder=\"Platz f\u00fcr Ihre Nachricht\" name=\"nachricht5688\"><\/textarea><\/span>\n<\/p>\n<p><div class=\"cf7-cf-turnstile\" style=\"margin-top: 0px; margin-bottom: -15px;\"> <div id=\"cf-turnstile-cf7-3903519912\" class=\"cf-turnstile\" data-sitekey=\"0x4AAAAAAABFFOzOwGSZrWTF\" data-theme=\"auto\" data-language=\"auto\" data-size=\"normal\" data-retry=\"auto\" data-retry-interval=\"1000\" data-refresh-expired=\"auto\" data-action=\"contact-form-7\" data-callback=\"cfturnstileCallback\" data-error-callback=\"cfturnstileErrorCallback\" data-appearance=\"always\"><\/div> <div class=\"cf-turnstile-failed-text cf-turnstile-failed-text-cf7-3903519912\"><\/div> <script> function cfturnstileErrorCallback() { var cfTurnstileFailedText = document.querySelector('.cf-turnstile-failed-text-cf7-3903519912'); cfTurnstileFailedText.innerHTML = '<p><i>Die \u00dcberpr\u00fcfung Ihrer Identit\u00e4t als Mensch ist fehlgeschlagen. Bitte kontaktieren Sie uns, wenn Sie Probleme haben.<\/i><\/p>'; } function cfturnstileCallback() { var cfTurnstileFailedText = document.querySelector('.cf-turnstile-failed-text-cf7-3903519912'); cfTurnstileFailedText.innerHTML = ''; } <\/script> <script>document.addEventListener(\"DOMContentLoaded\", function() { setTimeout(function(){ var e=document.getElementById(\"cf-turnstile-cf7-3903519912\"); e&&!e.innerHTML.trim()&&(turnstile.remove(\"#cf-turnstile-cf7-3903519912\"), turnstile.render(\"#cf-turnstile-cf7-3903519912\", {sitekey:\"0x4AAAAAAABFFOzOwGSZrWTF\"})); }, 100); });<\/script> <br class=\"cf-turnstile-br cf-turnstile-br-cf7-3903519912\"> <style>#cf-turnstile-cf7-3903519912 { margin-left: -15px; }<\/style> <script>document.addEventListener(\"DOMContentLoaded\",function(){document.querySelectorAll('.wpcf7-form').forEach(function(e){e.addEventListener('submit',function(){if(document.getElementById('cf-turnstile-cf7-3903519912')){setTimeout(function(){turnstile.reset('#cf-turnstile-cf7-3903519912');},1000)}})})});<\/script> <\/div>\n<\/p>\n<p><input class=\"wpcf7-form-control wpcf7-submit has-spinner\" type=\"submit\" value=\"Absenden\" \/>\n<\/p><div class=\"wpcf7-response-output\" aria-hidden=\"true\"><\/div>\n<\/form>\n<\/div>\n\n\t\t<\/div>\n\t\t\t\t\t<\/div>\n\n\t\n\n\t<div id=\"col-1816796521\" class=\"col small-12 large-12\"  >\n\t\t\t\t<div class=\"col-inner\"  >\n\t\t\t\n\t\t\t\n\t<div id=\"gap-876583789\" class=\"gap-element clearfix\" style=\"display:block; height:auto;\">\n\t\t\n<style>\n#gap-876583789 {\n  padding-top: 15px;\n}\n<\/style>\n\t<\/div>\n\t\n<div class=\"is-divider divider clearfix\" style=\"max-width:100%;height:1px;\"><\/div>\n<h3>Hallo in Gr\u00f6bming<\/h3>\n\n\t<section class=\"section\" id=\"section_255633531\">\n\t\t<div class=\"section-bg fill\" >\n\t\t\t\t\t\t\t\t\t\n\t\t\t\n\n\t\t<\/div>\n\n\t\t\n\n\t\t<div class=\"section-content relative\">\n\t\t\t\n\n<div class=\"row\"  id=\"row-1740347655\">\n\n\n\t<div id=\"col-1802425498\" class=\"col small-12 large-12\"  >\n\t\t\t\t<div class=\"col-inner\"  >\n\t\t\t\n\t\t\t\n\n\n\n<iframe style=\"width: 100%; height: 650px; border: none;\" src=\"https:\/\/groebming.panomax.com\" allowfullscreen=\"allowfullscreen\"><\/iframe>\n\n\n\t\t<\/div>\n\t\t\t\t\t<\/div>\n\n\t\n\n<\/div>\n\n\n\t\t<\/div>\n\n\t\t\n<style>\n#section_255633531 {\n  padding-top: 30px;\n  padding-bottom: 30px;\n}\n<\/style>\n\t<\/section>\n\t\n\t\t<\/div>\n\t\t\t\t\t<\/div>\n\n\t\n<\/div>\n","protected":false},"excerpt":{"rendered":"","protected":false},"author":1,"featured_media":25400,"parent":0,"menu_order":0,"comment_status":"closed","ping_status":"closed","template":"page-blank.php","meta":{"inline_featured_image":false,"footnotes":""},"class_list":["post-8352","page","type-page","status-publish","has-post-thumbnail","hentry"],"_links":{"self":[{"href":"https:\/\/fbt.shop\/en\/wp-json\/wp\/v2\/pages\/8352","targetHints":{"allow":["GET"]}}],"collection":[{"href":"https:\/\/fbt.shop\/en\/wp-json\/wp\/v2\/pages"}],"about":[{"href":"https:\/\/fbt.shop\/en\/wp-json\/wp\/v2\/types\/page"}],"author":[{"embeddable":true,"href":"https:\/\/fbt.shop\/en\/wp-json\/wp\/v2\/users\/1"}],"replies":[{"embeddable":true,"href":"https:\/\/fbt.shop\/en\/wp-json\/wp\/v2\/comments?post=8352"}],"version-history":[{"count":0,"href":"https:\/\/fbt.shop\/en\/wp-json\/wp\/v2\/pages\/8352\/revisions"}],"wp:featuredmedia":[{"embeddable":true,"href":"https:\/\/fbt.shop\/en\/wp-json\/wp\/v2\/media\/25400"}],"wp:attachment":[{"href":"https:\/\/fbt.shop\/en\/wp-json\/wp\/v2\/media?parent=8352"}],"curies":[{"name":"wp","href":"https:\/\/api.w.org\/{rel}","templated":true}]}}