{"id":8492,"date":"2016-09-12T21:33:23","date_gmt":"2016-09-12T19:33:23","guid":{"rendered":"https:\/\/beta.lebenspuls.com\/?page_id=8492"},"modified":"2022-11-30T19:36:51","modified_gmt":"2022-11-30T18:36:51","slug":"partner-area","status":"publish","type":"page","link":"https:\/\/fbt.shop\/en\/partnerbereich\/","title":{"rendered":"Affiliate - Partner area"},"content":{"rendered":"<div class=\"row\"  id=\"row-1413369446\">\n\n\t<div id=\"col-550859566\" class=\"col medium-6 small-12 large-6\"  >\n\t\t\t\t<div class=\"col-inner\"  >\n\t\t\t\n\t\t\t\n<p>If this information is displayed, you are either not logged into your customer account or you have not yet had your account activated for the FBT Shop Affiliate.<\/p>\n<p>Use our <a href=\"\/en\/my-account\/forgotten-password\/\">Password reminder<\/a>if you have forgotten your login details.<\/p>\n<p>If you have any further questions, please do not hesitate to contact us personally!<\/p>\n<p>T: <a href=\"tel:+436764817980\">+43 676 4817980<\/a><br \/>\nEmail: <a href=\"mailto:info@fbt.shop\">info@fbt.shop<\/a><\/p>\n\t\t<\/div>\n\t\t\t\t\t<\/div>\n\n\t\n\n\t<div id=\"col-677111725\" class=\"col medium-6 small-12 large-6\"  >\n\t\t\t\t<div class=\"col-inner\"  >\n\t\t\t\n\t\t\t\n<a href=\"\/en\/affiliate-partner-programme\/\" class=\"button primary expand\" >\n\t\t<span>More info about the affiliate<\/span>\n\t<\/a>\n\n<h3>REQUEST FOR REGISTRATION<\/h3>\n\n<div class=\"wpcf7 no-js\" id=\"wpcf7-f33059-o1\" lang=\"de-DE\" dir=\"ltr\" data-wpcf7-id=\"33059\">\n<div class=\"screen-reader-response\"><p role=\"status\" aria-live=\"polite\" aria-atomic=\"true\"><\/p> <ul><\/ul><\/div>\n<form action=\"\/en\/wp-json\/wp\/v2\/pages\/8492#wpcf7-f33059-o1\" method=\"post\" class=\"wpcf7-form init\" aria-label=\"Contact form\" novalidate=\"novalidate\" data-status=\"init\" data-trp-original-action=\"\/en\/wp-json\/wp\/v2\/pages\/8492#wpcf7-f33059-o1\">\n<fieldset class=\"hidden-fields-container\"><input type=\"hidden\" name=\"_wpcf7\" value=\"33059\" \/><input type=\"hidden\" name=\"_wpcf7_version\" value=\"6.1.5\" \/><input type=\"hidden\" name=\"_wpcf7_locale\" value=\"de_DE_formal\" \/><input type=\"hidden\" name=\"_wpcf7_unit_tag\" value=\"wpcf7-f33059-o1\" \/><input type=\"hidden\" name=\"_wpcf7_container_post\" value=\"0\" \/><input type=\"hidden\" name=\"_wpcf7_posted_data_hash\" value=\"\" \/>\n<\/fieldset>\n<p><span class=\"wpcf7-form-control-wrap\" data-name=\"name3625\"><input size=\"60\" maxlength=\"100\" class=\"wpcf7-form-control wpcf7-text wpcf7-validates-as-required\" aria-required=\"true\" aria-invalid=\"false\" placeholder=\"First name \/ surname\" value=\"\" type=\"text\" name=\"name3625\" \/><\/span>\n<\/p>\n<p><span class=\"wpcf7-form-control-wrap\" data-name=\"email3625\"><input size=\"60\" maxlength=\"100\" class=\"wpcf7-form-control wpcf7-email wpcf7-validates-as-required wpcf7-text wpcf7-validates-as-email\" aria-required=\"true\" aria-invalid=\"false\" placeholder=\"@email address\" value=\"\" type=\"email\" name=\"email3625\" \/><\/span>\n<\/p>\n<p><span class=\"wpcf7-form-control-wrap\" data-name=\"telefon3625\"><input size=\"30\" maxlength=\"50\" class=\"wpcf7-form-control wpcf7-text\" aria-invalid=\"false\" placeholder=\"Area code Phone number\" value=\"\" type=\"text\" name=\"telefon3625\" \/><\/span>\n<\/p>\n<p><span class=\"wpcf7-form-control-wrap\" data-name=\"homepage3625\"><input size=\"60\" maxlength=\"100\" class=\"wpcf7-form-control wpcf7-text\" aria-invalid=\"false\" placeholder=\"Homepage\" value=\"\" type=\"text\" name=\"homepage3625\" \/><\/span>\n<\/p>\n<p><span class=\"wpcf7-form-control-wrap\" data-name=\"nachricht3625\"><textarea cols=\"60\" rows=\"5\" maxlength=\"500\" class=\"wpcf7-form-control wpcf7-textarea wpcf7-validates-as-required\" aria-required=\"true\" aria-invalid=\"false\" placeholder=\"Tell us about yourself. Where and how would you like to talk about us? What do you need to recommend FBT Fine Ballistic Tools\u00ae (pictures, links)?\" name=\"nachricht3625\"><\/textarea><\/span>\n<\/p>\n<p><div class=\"cf7-cf-turnstile\" style=\"margin-top: 0px; margin-bottom: -15px;\"> <div id=\"cf-turnstile-cf7-3727511147\" class=\"cf-turnstile\" data-sitekey=\"0x4AAAAAAABFFOzOwGSZrWTF\" data-theme=\"auto\" data-language=\"auto\" data-size=\"normal\" data-retry=\"auto\" data-retry-interval=\"1000\" data-refresh-expired=\"auto\" data-refresh-timeout=\"auto\" data-action=\"contact-form-7\" data-callback=\"turnstileCF7Callback\" data-error-callback=\"cfturnstileErrorCallback\" data-appearance=\"always\"><\/div> <div class=\"cf-turnstile-failed-text cf-turnstile-failed-text-cf7-3727511147\"><\/div> <script> function cfturnstileErrorCallback() { var cfTurnstileFailedText = document.querySelector('.cf-turnstile-failed-text-cf7-3727511147'); cfTurnstileFailedText.innerHTML = '<p><i>Die \u00dcberpr\u00fcfung Ihrer Identit\u00e4t als Mensch ist fehlgeschlagen. Bitte kontaktieren Sie uns, wenn Sie Probleme haben.<\/i><\/p>'; } function cfturnstileCallback() { var cfTurnstileFailedText = document.querySelector('.cf-turnstile-failed-text-cf7-3727511147'); cfTurnstileFailedText.innerHTML = ''; } <\/script> <script>document.addEventListener(\"DOMContentLoaded\", function() { setTimeout(function(){ var e=document.getElementById(\"cf-turnstile-cf7-3727511147\"); if(e&&!e.innerHTML.trim()){turnstile.render(e, {sitekey:\"0x4AAAAAAABFFOzOwGSZrWTF\"});} }, 200); });<\/script> <br class=\"cf-turnstile-br cf-turnstile-br-cf7-3727511147\"> <style>#cf-turnstile-cf7-3727511147 { margin-left: -15px; }<\/style> <script>document.addEventListener(\"DOMContentLoaded\",function(){document.querySelectorAll('.wpcf7-form').forEach(function(e){e.addEventListener('submit',function(){if(document.getElementById('cf-turnstile-cf7-3727511147')){setTimeout(function(){turnstile.reset('#cf-turnstile-cf7-3727511147');},1000)}})})});<\/script> <\/div>\n<\/p>\n<p><input class=\"wpcf7-form-control wpcf7-submit has-spinner\" type=\"submit\" value=\"Sending\" \/>\n<\/p><div class=\"wpcf7-response-output\" aria-hidden=\"true\"><\/div>\n<input type=\"hidden\" name=\"trp-form-language\" value=\"en\"\/><\/form>\n<\/div>\n\n\t\t<\/div>\n\t\t\t\t\t<\/div>\n\n\t\n<\/div>","protected":false},"excerpt":{"rendered":"","protected":false},"author":1,"featured_media":25400,"parent":0,"menu_order":0,"comment_status":"closed","ping_status":"closed","template":"page-my-account.php","meta":{"inline_featured_image":false,"footnotes":""},"class_list":["post-8492","page","type-page","status-publish","has-post-thumbnail","hentry"],"_links":{"self":[{"href":"https:\/\/fbt.shop\/en\/wp-json\/wp\/v2\/pages\/8492","targetHints":{"allow":["GET"]}}],"collection":[{"href":"https:\/\/fbt.shop\/en\/wp-json\/wp\/v2\/pages"}],"about":[{"href":"https:\/\/fbt.shop\/en\/wp-json\/wp\/v2\/types\/page"}],"author":[{"embeddable":true,"href":"https:\/\/fbt.shop\/en\/wp-json\/wp\/v2\/users\/1"}],"replies":[{"embeddable":true,"href":"https:\/\/fbt.shop\/en\/wp-json\/wp\/v2\/comments?post=8492"}],"version-history":[{"count":0,"href":"https:\/\/fbt.shop\/en\/wp-json\/wp\/v2\/pages\/8492\/revisions"}],"wp:featuredmedia":[{"embeddable":true,"href":"https:\/\/fbt.shop\/en\/wp-json\/wp\/v2\/media\/25400"}],"wp:attachment":[{"href":"https:\/\/fbt.shop\/en\/wp-json\/wp\/v2\/media?parent=8492"}],"curies":[{"name":"wp","href":"https:\/\/api.w.org\/{rel}","templated":true}]}}