{"id":39230,"date":"2024-11-21T13:58:18","date_gmt":"2024-11-21T12:58:18","guid":{"rendered":"https:\/\/fbt.shop\/?post_type=product&#038;p=39230"},"modified":"2025-08-08T12:45:49","modified_gmt":"2025-08-08T10:45:49","slug":"era-loc-short-run-muendung","status":"publish","type":"product","link":"https:\/\/fbt.shop\/en\/kaufen\/era-loc-kurz-laufmuendung\/","title":{"rendered":"ERA\u00aeLOC barrel threaded bushing for barrel muzzle thread | various threads"},"content":{"rendered":"<h2>The seemingly endless screwing and unscrewing of the silencer has come to an end!<\/h2>\n<p>The ERA\u00aeLOC quick-release fastener enables the silencer to be fitted and removed quickly and easily with just a short 60\u00b0 turn. The very robust thread ensures that the silencer is held securely in place thanks to the high number of threads. The ERA\u00aeLOC thread itself is protected against powder residue by the system at the front and guarantees consistent and reliable function.<\/p>\n<p>All ERA\u00aeSilencer models are optionally available with the ERA\u00aeLOC quick-release fastener. All you need is the matching ERA\u00aeLOC threaded barrel bushing.<\/p>\n<p>Existing ERA\u00aeSilencers can easily be retrofitted. To do this, you need our ERA\u00aeLOC adapter set, consisting of a threaded bushing and silencer with mounting toggle as well as the mounting tool.<\/p>","protected":false},"excerpt":{"rendered":"<p>Das scheinbar endlose Auf- und Abschrauben des Schalld\u00e4mpfers hat ein Ende! Der ERA\u00aeLOC Schnellverschluss erm\u00f6glicht das schnelle und einfache Auf- und Absetzen des Schalld\u00e4mpfers mit nur einer kurzen 60\u00b0-Drehung. Das sehr robuste Gewinde sorgt durch die hohe Anzahl von Gewindeg\u00e4ngen f\u00fcr den sicheren Halt des Schalld\u00e4mpfers. Das ERA\u00aeLOC Gewinde selbst wird durch die Anlage an [&#8230;]\n","protected":false},"featured_media":39242,"comment_status":"open","ping_status":"closed","template":"","meta":{"inline_featured_image":false,"footnotes":""},"product_brand":[],"product_cat":[1584,2804],"product_tag":[],"class_list":{"0":"post-39230","1":"product","2":"type-product","3":"status-publish","4":"has-post-thumbnail","6":"product_cat-schalldaempfer","7":"product_cat-sonstiges","8":"product_shipping_class-paket","9":"pa_muendungsgewinde-1-2-20-unf","10":"pa_muendungsgewinde-1-2-28-unef","11":"pa_muendungsgewinde-5-8-24-unef","12":"pa_muendungsgewinde-m13x1","13":"pa_muendungsgewinde-m14x1","14":"pa_muendungsgewinde-m15x1","15":"pa_muendungsgewinde-m16x1","16":"pa_muendungsgewinde-m17x1","17":"pa_muendungsgewinde-m18x1","19":"first","20":"instock","21":"taxable","22":"shipping-taxable","23":"purchasable","24":"product-type-variable"},"composite_virtual":false,"composite_layout":"","composite_add_to_cart_form_location":"","composite_editable_in_cart":false,"composite_sold_individually_context":"","composite_shop_price_calc":"","composite_components":[],"composite_scenarios":[],"bundled_by":["39217","39983","40031","40142","40147","40155","40159","40164","40168","44090"],"bundle_stock_status":"instock","bundle_stock_quantity":null,"bundle_virtual":false,"bundle_layout":"","bundle_add_to_cart_form_location":"","bundle_editable_in_cart":false,"bundle_sold_individually_context":"","bundle_item_grouping":"","bundle_min_size":"","bundle_max_size":"","bundle_price":[],"bundled_items":[],"bundle_sell_ids":[],"_links":{"self":[{"href":"https:\/\/fbt.shop\/en\/wp-json\/wp\/v2\/product\/39230","targetHints":{"allow":["GET"]}}],"collection":[{"href":"https:\/\/fbt.shop\/en\/wp-json\/wp\/v2\/product"}],"about":[{"href":"https:\/\/fbt.shop\/en\/wp-json\/wp\/v2\/types\/product"}],"replies":[{"embeddable":true,"href":"https:\/\/fbt.shop\/en\/wp-json\/wp\/v2\/comments?post=39230"}],"version-history":[{"count":0,"href":"https:\/\/fbt.shop\/en\/wp-json\/wp\/v2\/product\/39230\/revisions"}],"wp:featuredmedia":[{"embeddable":true,"href":"https:\/\/fbt.shop\/en\/wp-json\/wp\/v2\/media\/39242"}],"wp:attachment":[{"href":"https:\/\/fbt.shop\/en\/wp-json\/wp\/v2\/media?parent=39230"}],"wp:term":[{"taxonomy":"product_brand","embeddable":true,"href":"https:\/\/fbt.shop\/en\/wp-json\/wp\/v2\/product_brand?post=39230"},{"taxonomy":"product_cat","embeddable":true,"href":"https:\/\/fbt.shop\/en\/wp-json\/wp\/v2\/product_cat?post=39230"},{"taxonomy":"product_tag","embeddable":true,"href":"https:\/\/fbt.shop\/en\/wp-json\/wp\/v2\/product_tag?post=39230"}],"curies":[{"name":"wp","href":"https:\/\/api.w.org\/{rel}","templated":true}]}}